{"id":7,"date":"2023-07-31T21:15:39","date_gmt":"2023-07-31T21:15:39","guid":{"rendered":"https:\/\/et.mhan.hu\/?page_id=7"},"modified":"2023-11-19T18:43:15","modified_gmt":"2023-11-19T17:43:15","slug":"csecsemo-es-kisgyermek-egesz-seg","status":"publish","type":"page","link":"https:\/\/eletteregeszseg.hu\/?page_id=7","title":{"rendered":"Csecsem\u0151, Kisgyermek Eg\u00e9sz-s\u00e9g"},"content":{"rendered":"\n<div class=\"wp-block-columns has-background is-layout-flex wp-container-core-columns-is-layout-9d6595d7 wp-block-columns-is-layout-flex\" style=\"background-color:#f5e6cd\">\n<div class=\"wp-block-column is-layout-flow wp-block-column-is-layout-flow\" style=\"flex-basis:30%\">\n<figure class=\"wp-block-image size-full\"><img loading=\"lazy\" decoding=\"async\" width=\"746\" height=\"947\" src=\"https:\/\/et.mhan.hu\/wp-content\/uploads\/2023\/09\/babaegeszsegszimbolum.png\" alt=\"\" class=\"wp-image-93\" style=\"object-fit:cover\" srcset=\"https:\/\/eletteregeszseg.hu\/wp-content\/uploads\/2023\/09\/babaegeszsegszimbolum.png 746w, https:\/\/eletteregeszseg.hu\/wp-content\/uploads\/2023\/09\/babaegeszsegszimbolum-236x300.png 236w\" sizes=\"auto, (max-width: 746px) 100vw, 746px\" \/><\/figure>\n<\/div>\n\n\n\n<div class=\"wp-block-column is-layout-flow wp-block-column-is-layout-flow\">\n<figure class=\"wp-block-image size-large x-auto\"><img loading=\"lazy\" decoding=\"async\" width=\"1024\" height=\"704\" src=\"https:\/\/eletteregeszseg.hu\/wp-content\/uploads\/2023\/10\/babaspottyosszimbolummal-1024x704-1.svg\" alt=\"\" class=\"wp-image-387\"\/><\/figure>\n<\/div>\n<\/div>\n\n\n\n<div class=\"wp-block-columns is-layout-flex wp-container-core-columns-is-layout-9d6595d7 wp-block-columns-is-layout-flex\">\n<div class=\"wp-block-column is-layout-flow wp-block-column-is-layout-flow\" style=\"flex-basis:20%\">\n<figure class=\"wp-block-image size-large is-resized\"><img loading=\"lazy\" decoding=\"async\" width=\"1024\" height=\"1024\" src=\"https:\/\/eletteregeszseg.hu\/wp-content\/uploads\/2023\/10\/babasfooldal-1024x1024.png\" alt=\"\" class=\"wp-image-304\" style=\"object-fit:cover;width:168px;height:168px\" srcset=\"https:\/\/eletteregeszseg.hu\/wp-content\/uploads\/2023\/10\/babasfooldal-1024x1024.png 1024w, https:\/\/eletteregeszseg.hu\/wp-content\/uploads\/2023\/10\/babasfooldal-300x300.png 300w, https:\/\/eletteregeszseg.hu\/wp-content\/uploads\/2023\/10\/babasfooldal-150x150.png 150w, https:\/\/eletteregeszseg.hu\/wp-content\/uploads\/2023\/10\/babasfooldal-768x768.png 768w, https:\/\/eletteregeszseg.hu\/wp-content\/uploads\/2023\/10\/babasfooldal.png 1042w\" sizes=\"auto, (max-width: 1024px) 100vw, 1024px\" \/><\/figure>\n<\/div>\n\n\n\n<div class=\"wp-block-column is-layout-flow wp-block-column-is-layout-flow\">\n<p>Egy Baba gondolatai:<\/p>\n\n\n\n<p>\u201eFogantat\u00e1som pillanat\u00e1t\u00f3l k\u00e9sz\u00fcl\u00f6k az \u00c9letre. Fejl\u0151d\u00f6m, gyarapodom \u00c9desany\u00e1m m\u00e9h\u00e9ben, a sz\u00edve alatt. Biztons\u00e1gban \u00e9rzem magam \u00e9s szeretve vagyok. A sz\u00fclet\u00e9s sz\u00e1momra \u00e9s \u00c9desany\u00e1m sz\u00e1m\u00e1ra is egy CSODA, b\u00e1r egy\u00e1ltal\u00e1n nem k\u00f6nny\u0171\u2026<\/p>\n\n\n\n<p>\u00c9letem els\u0151 napjait\u00f3l kezdve rengeteg dolgot meg kell tanuljak. Leveg\u0151t venni, enni, em\u00e9szteni, aludni, \u00e9bren lenni&#8230; Napr\u00f3l-napra fejl\u0151dik a l\u00e1t\u00e1som, az \u00e9rz\u00e9kel\u00e9sem, az idegrendszerem. Felfedezem a saj\u00e1t testemet, megtanulok hasalni, forogni, a t\u00e1rgyakat megfogni. Eleinte minden mozg\u00e1s neh\u00e9z, mert nehezen engedelmeskednek a kezeim, l\u00e1baim, nem mindig oda mennek, ahov\u00e1 \u00e9n szeretn\u00e9m\u2026 Azt\u00e1n k\u00faszva, m\u00e1szva bej\u00e1rom a teret, \u00e9s felfedezem az engem k\u00f6r\u00fclvev\u0151 vil\u00e1got. \u00dajabbn\u00e1l \u00fajabb megtapasztal\u00e1sok, felfedez\u00e9sek v\u00e1rnak r\u00e1m. Mindezek\u00e9rt megdolgozom, de ez nem baj, mert nagyon izgalmas Kaland!<\/p>\n<\/div>\n<\/div>\n\n\n\n<p>K\u00f6zben \u00e9rz\u00e9kelem, hogy Ti &#8211; a Sz\u00fcleim \u2013 szeretettel \u00e9s gondoskodva vesztek k\u00f6r\u00fcl, N\u00e9ha lehet, hogy kiss\u00e9 bizonytalanok vagytok, hogy mindent j\u00f3l csin\u00e1ltok-e, \u00e9s m\u00e9g nem mindig \u00e9rtitek meg, mi j\u00f3 nekem. De ez sem baj! K\u00f6z\u00f6sen tanuljuk egym\u00e1st!<\/p>\n\n\n\n<p>Annyit k\u00e9rek T\u0151letek, hogy a legfontosabbat adj\u00e1tok meg nekem \u00e9s egym\u00e1snak: a SZER-ETET-et! Erre van a legnagyobb sz\u00fcks\u00e9ge minden embernek itt a F\u00f6ld\u00f6n!\u201d<\/p>\n\n\n\n<figure class=\"wp-block-image size-large\"><img loading=\"lazy\" decoding=\"async\" width=\"1024\" height=\"937\" src=\"https:\/\/eletteregeszseg.hu\/wp-content\/uploads\/2023\/10\/agrajz-baba-1024x937.png\" alt=\"\" class=\"wp-image-151\" srcset=\"https:\/\/eletteregeszseg.hu\/wp-content\/uploads\/2023\/10\/agrajz-baba-1024x937.png 1024w, https:\/\/eletteregeszseg.hu\/wp-content\/uploads\/2023\/10\/agrajz-baba-300x274.png 300w, https:\/\/eletteregeszseg.hu\/wp-content\/uploads\/2023\/10\/agrajz-baba-768x703.png 768w, https:\/\/eletteregeszseg.hu\/wp-content\/uploads\/2023\/10\/agrajz-baba-1536x1405.png 1536w, https:\/\/eletteregeszseg.hu\/wp-content\/uploads\/2023\/10\/agrajz-baba-2048x1873.png 2048w\" sizes=\"auto, (max-width: 1024px) 100vw, 1024px\" \/><\/figure>\n\n\n\n<p>Kedves Sz\u00fcl\u0151k!<\/p>\n\n\n\n<p>Csatlakozom az el\u0151ttem sz\u00f3l\u00f3hoz!<\/p>\n\n\n\n<p>Egy gyermek sz\u00fclet\u00e9se k\u00f6r\u00fcl sok sz\u00f3 esik manaps\u00e1g a sz\u00fcl\u00e9s hely\u00e9r\u0151l, a babaholmikr\u00f3l, t\u00e1pl\u00e1l\u00e1si trendekr\u0151l\u2026 \u00e9s sorolhatn\u00e1m.<\/p>\n\n\n\n<p>A helyes szeretetr\u0151l, a gondoskod\u00e1s min\u0151s\u00e9gi meg\u00e9l\u00e9s\u00e9r\u0151l, az egyens\u00faly megtart\u00e1s\u00e1r\u00f3l alig-alig!<\/p>\n\n\n\n<p>Az Ayurv\u00e9da holisztikus gy\u00f3gy\u00edt\u00f3 rendszere szerint a feln\u0151tt ember felel\u0151s a saj\u00e1t eg\u00e9szs\u00e9g\u00e9\u00e9rt. Att\u00f3l a pillanatt\u00f3l kezdve, hogy gyermeket v\u00e1runk (m\u00e1r a gondolat megfogan\u00e1s\u00e1nak pillanat\u00e1t\u00f3l is!), tudat\u00e1ra kell \u00e9bredj\u00fcnk, hogy a hozz\u00e1nk \u00e9rkez\u0151, minket v\u00e1laszt\u00f3 L\u00e9lek\u00e9rt, pici Bab\u00e1\u00e9rt ugyan\u00fagy felel\u0151ss\u00e9ggel tartozunk.<\/p>\n\n\n\n<p>Mi &#8211; sz\u00fcl\u0151k &#8211; tudjuk Bab\u00e1nknak biztos\u00edtani a megfelel\u0151 gondoskod\u00e1st, otthont, szeretetet. Az \u0150 pici test\u00e9nek \u00e9s lelk\u00e9nek a fejl\u0151d\u00e9se a mi felel\u0151ss\u00e9g\u00fcnk, \u00e9s egyben lehet\u0151s\u00e9g\u00fcnk!<\/p>\n\n\n\n<p>Ebben a folyamatban is fontos a meg\u00e9rt\u00e9s, megtapasztal\u00e1s \u00e9s cselekv\u00e9s m\u0171v\u00e9szete. J\u00f3, ha meg\u00e9rtj\u00fck, mi-mi\u00e9rt t\u00f6rt\u00e9nik a Bab\u00e1nk test\u00e9vel, test\u00e9ben. Ha meg\u00e9rtj\u00fck, tudunk helyesen reag\u00e1lni az ig\u00e9nyeire, sz\u00fcks\u00e9gleteire. Helyesen cselekedve tudjuk el\u0151seg\u00edteni a fejl\u0151d\u00e9s\u00e9t, Emberr\u00e9 csepered\u00e9s\u00e9t.<\/p>\n\n\n\n<p>Ez az \u00dat kih\u00edv\u00e1sokkal teli, de meg\u00e9ri tanulni Gyermekeink \u00e1ltal is!<\/p>\n\n\n\n<p>Ha \u00fagy \u00e9rzed Kedves Sz\u00fcl\u0151, hogy k\u00e9rd\u00e9seid vannak a Bab\u00e1d fejl\u0151d\u00e9s\u00e9vel, Eg\u00e9sz-s\u00e9g\u00e9vel, gondoz\u00e1s\u00e1val kapcsolatban, igyekszem seg\u00edts\u00e9get ny\u00fajtani addig, am\u00edg Ti magatok r\u00e1 nem tal\u00e1ltok a saj\u00e1t, bels\u0151 hangotok \u00e1ltal sugallt, magabiztos v\u00e1laszaitokra!<\/p>\n\n\n\n<p>Szeretettel v\u00e1rlak Benneteket:<\/p>\n\n\n\n<p class=\"has-text-align-center x-hand has-large-font-size\">Zsuzsi<\/p>\n\n\n\n<p>Amikkel seg\u00edthetlek Benneteket:<\/p>\n\n\n\n<ul class=\"wp-block-list\">\n<li>\u00e1llapotfelm\u00e9r\u00e9s, vizsg\u00e1lat, konzult\u00e1ci\u00f3, \u00e9letm\u00f3d tan\u00e1csad\u00e1s<\/li>\n\n\n\n<li>korai fejleszt\u00e9s, mozg\u00e1sfejleszt\u00e9s (egy\u00e9nre szabott feladatok, j\u00e1t\u00e9kok)<\/li>\n\n\n\n<li>Huple egyens\u00faly ter\u00e1pia<\/li>\n\n\n\n<li>babamassz\u00e1zs, l\u00e1gyr\u00e9sz manu\u00e1lis ter\u00e1pia<\/li>\n\n\n\n<li>kynesio tape felhelyez\u00e9se<\/li>\n<\/ul>\n\n\n\n<p>A konzult\u00e1ci\u00f3k \u00e9s kezel\u00e9sek id\u0151tartam\u00e1r\u00f3l \u00e9s \u00e1rair\u00f3l b\u0151vebben <strong><a href=\"https:\/\/eletteregeszseg.hu\/?p=536\" class=\"ek-link\">ide<\/a> <\/strong>kattintva olvashatsz.<\/p>\n","protected":false},"excerpt":{"rendered":"<p>Egy Baba gondolatai: \u201eFogantat\u00e1som pillanat\u00e1t\u00f3l k\u00e9sz\u00fcl\u00f6k az \u00c9letre. Fejl\u0151d\u00f6m, gyarapodom \u00c9desany\u00e1m m\u00e9h\u00e9ben, a sz\u00edve alatt. Biztons\u00e1gban \u00e9rzem magam \u00e9s szeretve vagyok. A sz\u00fclet\u00e9s sz\u00e1momra \u00e9s \u00c9desany\u00e1m sz\u00e1m\u00e1ra is egy CSODA, b\u00e1r egy\u00e1ltal\u00e1n nem k\u00f6nny\u0171\u2026 \u00c9letem els\u0151 napjait\u00f3l kezdve rengeteg dolgot meg kell tanuljak. Leveg\u0151t venni, enni, em\u00e9szteni, aludni, \u00e9bren lenni&#8230; Napr\u00f3l-napra fejl\u0151dik a l\u00e1t\u00e1som, az [&hellip;]<\/p>\n","protected":false},"author":1,"featured_media":92,"parent":0,"menu_order":0,"comment_status":"closed","ping_status":"closed","template":"","meta":{"_editorskit_title_hidden":false,"_editorskit_reading_time":0,"_editorskit_is_block_options_detached":false,"_editorskit_block_options_position":"{}","inline_featured_image":false,"footnotes":""},"class_list":["post-7","page","type-page","status-publish","has-post-thumbnail","hentry"],"_links":{"self":[{"href":"https:\/\/eletteregeszseg.hu\/index.php?rest_route=\/wp\/v2\/pages\/7","targetHints":{"allow":["GET"]}}],"collection":[{"href":"https:\/\/eletteregeszseg.hu\/index.php?rest_route=\/wp\/v2\/pages"}],"about":[{"href":"https:\/\/eletteregeszseg.hu\/index.php?rest_route=\/wp\/v2\/types\/page"}],"author":[{"embeddable":true,"href":"https:\/\/eletteregeszseg.hu\/index.php?rest_route=\/wp\/v2\/users\/1"}],"replies":[{"embeddable":true,"href":"https:\/\/eletteregeszseg.hu\/index.php?rest_route=%2Fwp%2Fv2%2Fcomments&post=7"}],"version-history":[{"count":22,"href":"https:\/\/eletteregeszseg.hu\/index.php?rest_route=\/wp\/v2\/pages\/7\/revisions"}],"predecessor-version":[{"id":613,"href":"https:\/\/eletteregeszseg.hu\/index.php?rest_route=\/wp\/v2\/pages\/7\/revisions\/613"}],"wp:featuredmedia":[{"embeddable":true,"href":"https:\/\/eletteregeszseg.hu\/index.php?rest_route=\/wp\/v2\/media\/92"}],"wp:attachment":[{"href":"https:\/\/eletteregeszseg.hu\/index.php?rest_route=%2Fwp%2Fv2%2Fmedia&parent=7"}],"curies":[{"name":"wp","href":"https:\/\/api.w.org\/{rel}","templated":true}]}}