{"id":213,"date":"2023-10-09T17:44:11","date_gmt":"2023-10-09T17:44:11","guid":{"rendered":"https:\/\/eletteregeszseg.hu\/?page_id=213"},"modified":"2023-11-19T18:48:21","modified_gmt":"2023-11-19T17:48:21","slug":"egyeni-mozgasszervi-terapia","status":"publish","type":"page","link":"https:\/\/eletteregeszseg.hu\/?page_id=213","title":{"rendered":"Egy\u00e9ni mozg\u00e1sszervi ter\u00e1pia"},"content":{"rendered":"\n<div class=\"wp-block-columns has-background is-layout-flex wp-container-core-columns-is-layout-9d6595d7 wp-block-columns-is-layout-flex\" style=\"background-color:#f5e6cd\">\n<div class=\"wp-block-column is-layout-flow wp-block-column-is-layout-flow\" style=\"flex-basis:30%\">\n<figure class=\"wp-block-image size-full\"><img loading=\"lazy\" decoding=\"async\" width=\"745\" height=\"947\" src=\"https:\/\/et.mhan.hu\/wp-content\/uploads\/2023\/09\/jogaegeszsegszombolum.png\" alt=\"\" class=\"wp-image-103\" style=\"object-fit:cover\" srcset=\"https:\/\/eletteregeszseg.hu\/wp-content\/uploads\/2023\/09\/jogaegeszsegszombolum.png 745w, https:\/\/eletteregeszseg.hu\/wp-content\/uploads\/2023\/09\/jogaegeszsegszombolum-236x300.png 236w\" sizes=\"auto, (max-width: 745px) 100vw, 745px\" \/><\/figure>\n<\/div>\n\n\n\n<div class=\"wp-block-column is-layout-flow wp-block-column-is-layout-flow\">\n<figure class=\"wp-block-image size-large\"><img loading=\"lazy\" decoding=\"async\" width=\"1024\" height=\"864\" src=\"https:\/\/et.mhan.hu\/wp-content\/uploads\/2023\/09\/jogapottyosszimbolummal-1024x864.png\" alt=\"\" class=\"wp-image-117\" srcset=\"https:\/\/eletteregeszseg.hu\/wp-content\/uploads\/2023\/09\/jogapottyosszimbolummal-1024x864.png 1024w, https:\/\/eletteregeszseg.hu\/wp-content\/uploads\/2023\/09\/jogapottyosszimbolummal-300x253.png 300w, https:\/\/eletteregeszseg.hu\/wp-content\/uploads\/2023\/09\/jogapottyosszimbolummal-768x648.png 768w, https:\/\/eletteregeszseg.hu\/wp-content\/uploads\/2023\/09\/jogapottyosszimbolummal.png 1432w\" sizes=\"auto, (max-width: 1024px) 100vw, 1024px\" \/><\/figure>\n<\/div>\n<\/div>\n\n\n\n<div class=\"wp-block-group is-content-justification-center is-nowrap is-layout-flex wp-container-core-group-is-layout-94bc23d7 wp-block-group-is-layout-flex\">\n<figure class=\"wp-block-image size-large is-resized\"><img loading=\"lazy\" decoding=\"async\" width=\"1024\" height=\"177\" src=\"https:\/\/eletteregeszseg.hu\/wp-content\/uploads\/2023\/10\/egyenimozgasszerviterapia-1024x177.png\" alt=\"\" class=\"wp-image-262\" style=\"width:undefinedpx;height:100px\" srcset=\"https:\/\/eletteregeszseg.hu\/wp-content\/uploads\/2023\/10\/egyenimozgasszerviterapia-1024x177.png 1024w, https:\/\/eletteregeszseg.hu\/wp-content\/uploads\/2023\/10\/egyenimozgasszerviterapia-300x52.png 300w, https:\/\/eletteregeszseg.hu\/wp-content\/uploads\/2023\/10\/egyenimozgasszerviterapia-768x133.png 768w, https:\/\/eletteregeszseg.hu\/wp-content\/uploads\/2023\/10\/egyenimozgasszerviterapia-1536x266.png 1536w, https:\/\/eletteregeszseg.hu\/wp-content\/uploads\/2023\/10\/egyenimozgasszerviterapia.png 1693w\" sizes=\"auto, (max-width: 1024px) 100vw, 1024px\" \/><\/figure>\n<\/div>\n\n\n\n<div style=\"height:50px\" aria-hidden=\"true\" class=\"wp-block-spacer\"><\/div>\n\n\n\n<div class=\"wp-block-columns is-layout-flex wp-container-core-columns-is-layout-9d6595d7 wp-block-columns-is-layout-flex\">\n<div class=\"wp-block-column is-layout-flow wp-block-column-is-layout-flow\" style=\"flex-basis:20%\">\n<figure class=\"wp-block-image size-large\"><img loading=\"lazy\" decoding=\"async\" width=\"1024\" height=\"1024\" src=\"https:\/\/eletteregeszseg.hu\/wp-content\/uploads\/2023\/10\/egyenimozgasszerviterapia-1-1024x1024.png\" alt=\"\" class=\"wp-image-341\" style=\"object-fit:cover\" srcset=\"https:\/\/eletteregeszseg.hu\/wp-content\/uploads\/2023\/10\/egyenimozgasszerviterapia-1-1024x1024.png 1024w, https:\/\/eletteregeszseg.hu\/wp-content\/uploads\/2023\/10\/egyenimozgasszerviterapia-1-300x300.png 300w, https:\/\/eletteregeszseg.hu\/wp-content\/uploads\/2023\/10\/egyenimozgasszerviterapia-1-150x150.png 150w, https:\/\/eletteregeszseg.hu\/wp-content\/uploads\/2023\/10\/egyenimozgasszerviterapia-1-768x768.png 768w, https:\/\/eletteregeszseg.hu\/wp-content\/uploads\/2023\/10\/egyenimozgasszerviterapia-1.png 1043w\" sizes=\"auto, (max-width: 1024px) 100vw, 1024px\" \/><\/figure>\n<\/div>\n\n\n\n<div class=\"wp-block-column is-layout-flow wp-block-column-is-layout-flow\">\n<p>Komolyabb mozg\u00e1sszervi probl\u00e9m\u00e1kn\u00e1l (traum\u00e1s vagy kr\u00f3nikus) aj\u00e1nlott ez a ter\u00e1pia. A ter\u00e1pia elej\u00e9n az anamn\u00e9zis \u00e9s a mozg\u00e1sszervi vizsg\u00e1lat ut\u00e1n,&nbsp; k\u00f6z\u00f6sen megtervezz\u00fck a kezel\u00e9si c\u00e9lt \u00e9s a ter\u00e1pia menet\u00e9t. A kezel\u00e9sek sor\u00e1n alkalmazom a gy\u00f3gytorna \u00e9s j\u00f3ga elemeit is, a p\u00e1ciens \u00e1llapot\u00e1nak megfelel\u0151en.<\/p>\n<\/div>\n<\/div>\n\n\n\n<p id=\"E68\">Szeretettel v\u00e1rlak \u00f3r\u00e1imon:<\/p>\n\n\n\n<p class=\"has-text-align-center x-hand has-large-font-size\">Julcsi<\/p>\n\n\n\n<p>Az egy\u00e9ni \u00e9s csoportos \u00f3r\u00e1k id\u0151pontj\u00e1r\u00f3l \u00e9s \u00e1rair\u00f3l b\u0151vebben <strong><a href=\"https:\/\/eletteregeszseg.hu\/?p=516\">ide<\/a><\/strong> kattintva olvashatsz<\/p>\n","protected":false},"excerpt":{"rendered":"<p>Komolyabb mozg\u00e1sszervi probl\u00e9m\u00e1kn\u00e1l (traum\u00e1s vagy kr\u00f3nikus) aj\u00e1nlott ez a ter\u00e1pia. A ter\u00e1pia elej\u00e9n az anamn\u00e9zis \u00e9s a mozg\u00e1sszervi vizsg\u00e1lat ut\u00e1n,&nbsp; k\u00f6z\u00f6sen megtervezz\u00fck a kezel\u00e9si c\u00e9lt \u00e9s a ter\u00e1pia menet\u00e9t. A kezel\u00e9sek sor\u00e1n alkalmazom a gy\u00f3gytorna \u00e9s j\u00f3ga elemeit is, a p\u00e1ciens \u00e1llapot\u00e1nak megfelel\u0151en. Szeretettel v\u00e1rlak \u00f3r\u00e1imon: Julcsi Az egy\u00e9ni \u00e9s csoportos \u00f3r\u00e1k id\u0151pontj\u00e1r\u00f3l \u00e9s \u00e1rair\u00f3l [&hellip;]<\/p>\n","protected":false},"author":1,"featured_media":102,"parent":0,"menu_order":0,"comment_status":"closed","ping_status":"closed","template":"","meta":{"_editorskit_title_hidden":false,"_editorskit_reading_time":0,"_editorskit_is_block_options_detached":false,"_editorskit_block_options_position":"{}","inline_featured_image":false,"footnotes":""},"class_list":["post-213","page","type-page","status-publish","has-post-thumbnail","hentry"],"_links":{"self":[{"href":"https:\/\/eletteregeszseg.hu\/index.php?rest_route=\/wp\/v2\/pages\/213","targetHints":{"allow":["GET"]}}],"collection":[{"href":"https:\/\/eletteregeszseg.hu\/index.php?rest_route=\/wp\/v2\/pages"}],"about":[{"href":"https:\/\/eletteregeszseg.hu\/index.php?rest_route=\/wp\/v2\/types\/page"}],"author":[{"embeddable":true,"href":"https:\/\/eletteregeszseg.hu\/index.php?rest_route=\/wp\/v2\/users\/1"}],"replies":[{"embeddable":true,"href":"https:\/\/eletteregeszseg.hu\/index.php?rest_route=%2Fwp%2Fv2%2Fcomments&post=213"}],"version-history":[{"count":5,"href":"https:\/\/eletteregeszseg.hu\/index.php?rest_route=\/wp\/v2\/pages\/213\/revisions"}],"predecessor-version":[{"id":620,"href":"https:\/\/eletteregeszseg.hu\/index.php?rest_route=\/wp\/v2\/pages\/213\/revisions\/620"}],"wp:featuredmedia":[{"embeddable":true,"href":"https:\/\/eletteregeszseg.hu\/index.php?rest_route=\/wp\/v2\/media\/102"}],"wp:attachment":[{"href":"https:\/\/eletteregeszseg.hu\/index.php?rest_route=%2Fwp%2Fv2%2Fmedia&parent=213"}],"curies":[{"name":"wp","href":"https:\/\/api.w.org\/{rel}","templated":true}]}}