{"id":209,"date":"2023-10-09T17:44:11","date_gmt":"2023-10-09T17:44:11","guid":{"rendered":"https:\/\/eletteregeszseg.hu\/?page_id=209"},"modified":"2023-11-19T18:50:44","modified_gmt":"2023-11-19T17:50:44","slug":"noi-joga","status":"publish","type":"page","link":"https:\/\/eletteregeszseg.hu\/?page_id=209","title":{"rendered":"N\u0151i j\u00f3ga"},"content":{"rendered":"\n<div class=\"wp-block-columns has-background is-layout-flex wp-container-core-columns-is-layout-9d6595d7 wp-block-columns-is-layout-flex\" style=\"background-color:#f5e6cd\">\n<div class=\"wp-block-column is-layout-flow wp-block-column-is-layout-flow\" style=\"flex-basis:30%\">\n<figure class=\"wp-block-image size-full\"><img loading=\"lazy\" decoding=\"async\" width=\"745\" height=\"947\" src=\"https:\/\/et.mhan.hu\/wp-content\/uploads\/2023\/09\/jogaegeszsegszombolum.png\" alt=\"\" class=\"wp-image-103\" style=\"object-fit:cover\" srcset=\"https:\/\/eletteregeszseg.hu\/wp-content\/uploads\/2023\/09\/jogaegeszsegszombolum.png 745w, https:\/\/eletteregeszseg.hu\/wp-content\/uploads\/2023\/09\/jogaegeszsegszombolum-236x300.png 236w\" sizes=\"auto, (max-width: 745px) 100vw, 745px\" \/><\/figure>\n<\/div>\n\n\n\n<div class=\"wp-block-column is-layout-flow wp-block-column-is-layout-flow\">\n<figure class=\"wp-block-image size-large x-auto\"><img loading=\"lazy\" decoding=\"async\" width=\"1024\" height=\"864\" src=\"https:\/\/eletteregeszseg.hu\/wp-content\/uploads\/2023\/10\/jogapottyosszimbolummal-1024x864-1.svg\" alt=\"\" class=\"wp-image-398\"\/><\/figure>\n<\/div>\n<\/div>\n\n\n\n<div class=\"wp-block-group is-content-justification-center is-nowrap is-layout-flex wp-container-core-group-is-layout-94bc23d7 wp-block-group-is-layout-flex\">\n<figure class=\"wp-block-image size-full is-resized\"><img loading=\"lazy\" decoding=\"async\" width=\"651\" height=\"293\" src=\"https:\/\/eletteregeszseg.hu\/wp-content\/uploads\/2023\/10\/noijoga.png\" alt=\"\" class=\"wp-image-253\" style=\"object-fit:contain;width:undefinedpx;height:100px\" srcset=\"https:\/\/eletteregeszseg.hu\/wp-content\/uploads\/2023\/10\/noijoga.png 651w, https:\/\/eletteregeszseg.hu\/wp-content\/uploads\/2023\/10\/noijoga-300x135.png 300w\" sizes=\"auto, (max-width: 651px) 100vw, 651px\" \/><\/figure>\n<\/div>\n\n\n\n<div style=\"height:50px\" aria-hidden=\"true\" class=\"wp-block-spacer\"><\/div>\n\n\n\n<div class=\"wp-block-columns is-layout-flex wp-container-core-columns-is-layout-9d6595d7 wp-block-columns-is-layout-flex\">\n<div class=\"wp-block-column is-layout-flow wp-block-column-is-layout-flow\" style=\"flex-basis:20%\">\n<figure class=\"wp-block-image size-large\"><img loading=\"lazy\" decoding=\"async\" width=\"1024\" height=\"1024\" src=\"https:\/\/eletteregeszseg.hu\/wp-content\/uploads\/2023\/10\/noijoga-1-1024x1024.png\" alt=\"\" class=\"wp-image-332\" style=\"object-fit:cover\" srcset=\"https:\/\/eletteregeszseg.hu\/wp-content\/uploads\/2023\/10\/noijoga-1-1024x1024.png 1024w, https:\/\/eletteregeszseg.hu\/wp-content\/uploads\/2023\/10\/noijoga-1-300x300.png 300w, https:\/\/eletteregeszseg.hu\/wp-content\/uploads\/2023\/10\/noijoga-1-150x150.png 150w, https:\/\/eletteregeszseg.hu\/wp-content\/uploads\/2023\/10\/noijoga-1-768x767.png 768w, https:\/\/eletteregeszseg.hu\/wp-content\/uploads\/2023\/10\/noijoga-1.png 1043w\" sizes=\"auto, (max-width: 1024px) 100vw, 1024px\" \/><\/figure>\n<\/div>\n\n\n\n<div class=\"wp-block-column is-layout-flow wp-block-column-is-layout-flow\">\n<p>Ez az \u00f3ra egy kimondottan n\u0151knek \u00f6ssze\u00e1ll\u00edtott Hatha j\u00f3ga gyakorl\u00e1s, amely figyelembe veszi a n\u0151i ciklust \u00e9s v\u00e1ltoz\u00e9konys\u00e1gunkat. Rendk\u00edv\u00fcl j\u00f3l t\u00e1mogatja a n\u0151i szerveket \u00e9s a hormon rendszert. Egy igaz\u00e1n szel\u00edd gy\u00f3gym\u00f3d p\u00e9ld\u00e1ul menstru\u00e1ci\u00f3s probl\u00e9m\u00e1kn\u00e1l, n\u0151gy\u00f3gy\u00e1szati megbeteged\u00e9sekn\u00e9l, de ak\u00e1r a term\u00e9kenys\u00e9gben is seg\u00edthet. A legnagyobb erej\u00e9t a n\u0151i j\u00f3g\u00e1nak abban l\u00e1tom, hogy seg\u00edt meg\u00e9rteni a bels\u0151 folyamatainkat az\u00e1ltal, hogy megismerj\u00fck&nbsp; a test\u00fcnket, ciklusunkat. \u00cdgy k\u00f6nnyeben r\u00e1hangol\u00f3dunk a k\u00fclvil\u00e1gban \u00e9s a benn\u00fcnk&nbsp;v\u00e9gbemen\u0151 v\u00e1ltoz\u00e1sokra is.&nbsp;<\/p>\n<\/div>\n<\/div>\n\n\n\n<p id=\"E87\">Szeretettel v\u00e1rlak \u00f3r\u00e1imon:<\/p>\n\n\n\n<p class=\"has-text-align-center x-hand has-large-font-size\">Julcsi<\/p>\n\n\n\n<p>Az egy\u00e9ni \u00e9s csoportos \u00f3r\u00e1k id\u0151pontj\u00e1r\u00f3l \u00e9s \u00e1rair\u00f3l b\u0151vebben <strong><a href=\"https:\/\/eletteregeszseg.hu\/?p=516\">ide<\/a><\/strong> kattintva olvashatsz<\/p>\n","protected":false},"excerpt":{"rendered":"<p>Ez az \u00f3ra egy kimondottan n\u0151knek \u00f6ssze\u00e1ll\u00edtott Hatha j\u00f3ga gyakorl\u00e1s, amely figyelembe veszi a n\u0151i ciklust \u00e9s v\u00e1ltoz\u00e9konys\u00e1gunkat. Rendk\u00edv\u00fcl j\u00f3l t\u00e1mogatja a n\u0151i szerveket \u00e9s a hormon rendszert. Egy igaz\u00e1n szel\u00edd gy\u00f3gym\u00f3d p\u00e9ld\u00e1ul menstru\u00e1ci\u00f3s probl\u00e9m\u00e1kn\u00e1l, n\u0151gy\u00f3gy\u00e1szati megbeteged\u00e9sekn\u00e9l, de ak\u00e1r a term\u00e9kenys\u00e9gben is seg\u00edthet. A legnagyobb erej\u00e9t a n\u0151i j\u00f3g\u00e1nak abban l\u00e1tom, hogy seg\u00edt meg\u00e9rteni a [&hellip;]<\/p>\n","protected":false},"author":1,"featured_media":102,"parent":0,"menu_order":0,"comment_status":"closed","ping_status":"closed","template":"","meta":{"_editorskit_title_hidden":false,"_editorskit_reading_time":0,"_editorskit_is_block_options_detached":false,"_editorskit_block_options_position":"{}","inline_featured_image":false,"footnotes":""},"class_list":["post-209","page","type-page","status-publish","has-post-thumbnail","hentry"],"_links":{"self":[{"href":"https:\/\/eletteregeszseg.hu\/index.php?rest_route=\/wp\/v2\/pages\/209","targetHints":{"allow":["GET"]}}],"collection":[{"href":"https:\/\/eletteregeszseg.hu\/index.php?rest_route=\/wp\/v2\/pages"}],"about":[{"href":"https:\/\/eletteregeszseg.hu\/index.php?rest_route=\/wp\/v2\/types\/page"}],"author":[{"embeddable":true,"href":"https:\/\/eletteregeszseg.hu\/index.php?rest_route=\/wp\/v2\/users\/1"}],"replies":[{"embeddable":true,"href":"https:\/\/eletteregeszseg.hu\/index.php?rest_route=%2Fwp%2Fv2%2Fcomments&post=209"}],"version-history":[{"count":5,"href":"https:\/\/eletteregeszseg.hu\/index.php?rest_route=\/wp\/v2\/pages\/209\/revisions"}],"predecessor-version":[{"id":625,"href":"https:\/\/eletteregeszseg.hu\/index.php?rest_route=\/wp\/v2\/pages\/209\/revisions\/625"}],"wp:featuredmedia":[{"embeddable":true,"href":"https:\/\/eletteregeszseg.hu\/index.php?rest_route=\/wp\/v2\/media\/102"}],"wp:attachment":[{"href":"https:\/\/eletteregeszseg.hu\/index.php?rest_route=%2Fwp%2Fv2%2Fmedia&parent=209"}],"curies":[{"name":"wp","href":"https:\/\/api.w.org\/{rel}","templated":true}]}}