{"id":208,"date":"2023-10-09T17:44:11","date_gmt":"2023-10-09T17:44:11","guid":{"rendered":"https:\/\/eletteregeszseg.hu\/?page_id=208"},"modified":"2023-11-19T18:49:52","modified_gmt":"2023-11-19T17:49:52","slug":"mozgasszervi-jogaterapia","status":"publish","type":"page","link":"https:\/\/eletteregeszseg.hu\/?page_id=208","title":{"rendered":"Mozg\u00e1sszervi j\u00f3gater\u00e1pia"},"content":{"rendered":"\n<div class=\"wp-block-columns has-background is-layout-flex wp-container-core-columns-is-layout-9d6595d7 wp-block-columns-is-layout-flex\" style=\"background-color:#f5e6cd\">\n<div class=\"wp-block-column is-layout-flow wp-block-column-is-layout-flow\" style=\"flex-basis:30%\">\n<figure class=\"wp-block-image size-full\"><img loading=\"lazy\" decoding=\"async\" width=\"745\" height=\"947\" src=\"https:\/\/et.mhan.hu\/wp-content\/uploads\/2023\/09\/jogaegeszsegszombolum.png\" alt=\"\" class=\"wp-image-103\" style=\"object-fit:cover\" srcset=\"https:\/\/eletteregeszseg.hu\/wp-content\/uploads\/2023\/09\/jogaegeszsegszombolum.png 745w, https:\/\/eletteregeszseg.hu\/wp-content\/uploads\/2023\/09\/jogaegeszsegszombolum-236x300.png 236w\" sizes=\"auto, (max-width: 745px) 100vw, 745px\" \/><\/figure>\n<\/div>\n\n\n\n<div class=\"wp-block-column is-layout-flow wp-block-column-is-layout-flow\">\n<figure class=\"wp-block-image size-large x-auto\"><img loading=\"lazy\" decoding=\"async\" width=\"1024\" height=\"864\" src=\"https:\/\/eletteregeszseg.hu\/wp-content\/uploads\/2023\/10\/jogapottyosszimbolummal-1024x864-1.svg\" alt=\"\" class=\"wp-image-398\"\/><\/figure>\n<\/div>\n<\/div>\n\n\n\n<div class=\"wp-block-group is-content-justification-center is-nowrap is-layout-flex wp-container-core-group-is-layout-94bc23d7 wp-block-group-is-layout-flex\">\n<figure class=\"wp-block-image size-large is-resized\"><img loading=\"lazy\" decoding=\"async\" width=\"1024\" height=\"177\" src=\"https:\/\/eletteregeszseg.hu\/wp-content\/uploads\/2023\/10\/mozgasszervijogaterapia-1024x177.png\" alt=\"\" class=\"wp-image-251\" style=\"object-fit:contain;width:undefinedpx;height:100px\" srcset=\"https:\/\/eletteregeszseg.hu\/wp-content\/uploads\/2023\/10\/mozgasszervijogaterapia-1024x177.png 1024w, https:\/\/eletteregeszseg.hu\/wp-content\/uploads\/2023\/10\/mozgasszervijogaterapia-300x52.png 300w, https:\/\/eletteregeszseg.hu\/wp-content\/uploads\/2023\/10\/mozgasszervijogaterapia-768x133.png 768w, https:\/\/eletteregeszseg.hu\/wp-content\/uploads\/2023\/10\/mozgasszervijogaterapia-1536x266.png 1536w, https:\/\/eletteregeszseg.hu\/wp-content\/uploads\/2023\/10\/mozgasszervijogaterapia.png 1693w\" sizes=\"auto, (max-width: 1024px) 100vw, 1024px\" \/><\/figure>\n<\/div>\n\n\n\n<div style=\"height:50px\" aria-hidden=\"true\" class=\"wp-block-spacer\"><\/div>\n\n\n\n<div class=\"wp-block-columns is-layout-flex wp-container-core-columns-is-layout-9d6595d7 wp-block-columns-is-layout-flex\">\n<div class=\"wp-block-column is-layout-flow wp-block-column-is-layout-flow\" style=\"flex-basis:20%\">\n<figure class=\"wp-block-image size-large\"><img loading=\"lazy\" decoding=\"async\" width=\"1024\" height=\"1024\" src=\"https:\/\/eletteregeszseg.hu\/wp-content\/uploads\/2023\/10\/mozgasszervijogaterapia-1-1024x1024.png\" alt=\"\" class=\"wp-image-326\" style=\"object-fit:cover\" srcset=\"https:\/\/eletteregeszseg.hu\/wp-content\/uploads\/2023\/10\/mozgasszervijogaterapia-1-1024x1024.png 1024w, https:\/\/eletteregeszseg.hu\/wp-content\/uploads\/2023\/10\/mozgasszervijogaterapia-1-300x300.png 300w, https:\/\/eletteregeszseg.hu\/wp-content\/uploads\/2023\/10\/mozgasszervijogaterapia-1-150x150.png 150w, https:\/\/eletteregeszseg.hu\/wp-content\/uploads\/2023\/10\/mozgasszervijogaterapia-1-768x768.png 768w, https:\/\/eletteregeszseg.hu\/wp-content\/uploads\/2023\/10\/mozgasszervijogaterapia-1.png 1042w\" sizes=\"auto, (max-width: 1024px) 100vw, 1024px\" \/><\/figure>\n<\/div>\n\n\n\n<div class=\"wp-block-column is-layout-flow wp-block-column-is-layout-flow\">\n<p>A j\u00f3gater\u00e1pia gy\u00f3gytorn\u00e1sz szeml\u00e9let\u0171 j\u00f3ga \u00f3ra, ami&nbsp; figyelembe veszi a p\u00e1ciens aktu\u00e1lis mozg\u00e1sszervi probl\u00e9m\u00e1j\u00e1t. A Hatha j\u00f3ga elemeivel dolgozunk, de haszn\u00e1lunk seg\u00e9deszk\u00f6zt&nbsp; \u00e9s k\u00f6nny\u00edtj\u00fck&nbsp; az adott \u00e1szan\u00e1t, \u00edgy b\u00e1rki k\u00f6nnyen elsaj\u00e1t\u00edthatja ezeket a gy\u00f3gy\u00edt\u00f3 testtart\u00e1sokat.<\/p>\n<\/div>\n<\/div>\n\n\n\n<p id=\"E77\">Szeretettel v\u00e1rlak \u00f3r\u00e1imon:<\/p>\n\n\n\n<p class=\"has-text-align-center x-hand has-large-font-size\">Julcsi<\/p>\n\n\n\n<p>Az egy\u00e9ni \u00e9s csoportos \u00f3r\u00e1k id\u0151pontj\u00e1r\u00f3l \u00e9s \u00e1rair\u00f3l b\u0151vebben <strong><a href=\"https:\/\/eletteregeszseg.hu\/?p=516\">ide<\/a><\/strong> kattintva olvashatsz<\/p>\n","protected":false},"excerpt":{"rendered":"<p>A j\u00f3gater\u00e1pia gy\u00f3gytorn\u00e1sz szeml\u00e9let\u0171 j\u00f3ga \u00f3ra, ami&nbsp; figyelembe veszi a p\u00e1ciens aktu\u00e1lis mozg\u00e1sszervi probl\u00e9m\u00e1j\u00e1t. A Hatha j\u00f3ga elemeivel dolgozunk, de haszn\u00e1lunk seg\u00e9deszk\u00f6zt&nbsp; \u00e9s k\u00f6nny\u00edtj\u00fck&nbsp; az adott \u00e1szan\u00e1t, \u00edgy b\u00e1rki k\u00f6nnyen elsaj\u00e1t\u00edthatja ezeket a gy\u00f3gy\u00edt\u00f3 testtart\u00e1sokat. Szeretettel v\u00e1rlak \u00f3r\u00e1imon: Julcsi Az egy\u00e9ni \u00e9s csoportos \u00f3r\u00e1k id\u0151pontj\u00e1r\u00f3l \u00e9s \u00e1rair\u00f3l b\u0151vebben ide kattintva olvashatsz<\/p>\n","protected":false},"author":1,"featured_media":102,"parent":0,"menu_order":0,"comment_status":"closed","ping_status":"closed","template":"","meta":{"_editorskit_title_hidden":false,"_editorskit_reading_time":0,"_editorskit_is_block_options_detached":false,"_editorskit_block_options_position":"{}","inline_featured_image":false,"footnotes":""},"class_list":["post-208","page","type-page","status-publish","has-post-thumbnail","hentry"],"_links":{"self":[{"href":"https:\/\/eletteregeszseg.hu\/index.php?rest_route=\/wp\/v2\/pages\/208","targetHints":{"allow":["GET"]}}],"collection":[{"href":"https:\/\/eletteregeszseg.hu\/index.php?rest_route=\/wp\/v2\/pages"}],"about":[{"href":"https:\/\/eletteregeszseg.hu\/index.php?rest_route=\/wp\/v2\/types\/page"}],"author":[{"embeddable":true,"href":"https:\/\/eletteregeszseg.hu\/index.php?rest_route=\/wp\/v2\/users\/1"}],"replies":[{"embeddable":true,"href":"https:\/\/eletteregeszseg.hu\/index.php?rest_route=%2Fwp%2Fv2%2Fcomments&post=208"}],"version-history":[{"count":8,"href":"https:\/\/eletteregeszseg.hu\/index.php?rest_route=\/wp\/v2\/pages\/208\/revisions"}],"predecessor-version":[{"id":624,"href":"https:\/\/eletteregeszseg.hu\/index.php?rest_route=\/wp\/v2\/pages\/208\/revisions\/624"}],"wp:featuredmedia":[{"embeddable":true,"href":"https:\/\/eletteregeszseg.hu\/index.php?rest_route=\/wp\/v2\/media\/102"}],"wp:attachment":[{"href":"https:\/\/eletteregeszseg.hu\/index.php?rest_route=%2Fwp%2Fv2%2Fmedia&parent=208"}],"curies":[{"name":"wp","href":"https:\/\/api.w.org\/{rel}","templated":true}]}}