{"id":207,"date":"2023-10-09T17:44:11","date_gmt":"2023-10-09T17:44:11","guid":{"rendered":"https:\/\/eletteregeszseg.hu\/?page_id=207"},"modified":"2023-11-19T18:44:40","modified_gmt":"2023-11-19T17:44:40","slug":"kynesio-tape-alkalmazas","status":"publish","type":"page","link":"https:\/\/eletteregeszseg.hu\/?page_id=207","title":{"rendered":"Kynesio tape alkalmaz\u00e1s"},"content":{"rendered":"\n<div class=\"wp-block-columns has-background is-layout-flex wp-container-core-columns-is-layout-9d6595d7 wp-block-columns-is-layout-flex\" style=\"background-color:#f5e6cd\">\n<div class=\"wp-block-column is-layout-flow wp-block-column-is-layout-flow\" style=\"flex-basis:30%\">\n<figure class=\"wp-block-image size-full\"><img loading=\"lazy\" decoding=\"async\" width=\"746\" height=\"947\" src=\"https:\/\/et.mhan.hu\/wp-content\/uploads\/2023\/09\/babaegeszsegszimbolum.png\" alt=\"\" class=\"wp-image-93\" style=\"object-fit:cover\" srcset=\"https:\/\/eletteregeszseg.hu\/wp-content\/uploads\/2023\/09\/babaegeszsegszimbolum.png 746w, https:\/\/eletteregeszseg.hu\/wp-content\/uploads\/2023\/09\/babaegeszsegszimbolum-236x300.png 236w\" sizes=\"auto, (max-width: 746px) 100vw, 746px\" \/><\/figure>\n<\/div>\n\n\n\n<div class=\"wp-block-column is-layout-flow wp-block-column-is-layout-flow\">\n<figure class=\"wp-block-image size-large x-auto\"><img loading=\"lazy\" decoding=\"async\" width=\"1024\" height=\"704\" src=\"https:\/\/eletteregeszseg.hu\/wp-content\/uploads\/2023\/10\/babaspottyosszimbolummal-1024x704-1.svg\" alt=\"\" class=\"wp-image-387\"\/><\/figure>\n<\/div>\n<\/div>\n\n\n\n<div class=\"wp-block-group is-content-justification-center is-nowrap is-layout-flex wp-container-core-group-is-layout-94bc23d7 wp-block-group-is-layout-flex\">\n<figure class=\"wp-block-image size-large is-resized\"><img loading=\"lazy\" decoding=\"async\" width=\"1024\" height=\"177\" src=\"https:\/\/eletteregeszseg.hu\/wp-content\/uploads\/2023\/10\/kynesiotape-1024x177.png\" alt=\"\" class=\"wp-image-248\" style=\"object-fit:contain;width:undefinedpx;height:100px\" srcset=\"https:\/\/eletteregeszseg.hu\/wp-content\/uploads\/2023\/10\/kynesiotape-1024x177.png 1024w, https:\/\/eletteregeszseg.hu\/wp-content\/uploads\/2023\/10\/kynesiotape-300x52.png 300w, https:\/\/eletteregeszseg.hu\/wp-content\/uploads\/2023\/10\/kynesiotape-768x133.png 768w, https:\/\/eletteregeszseg.hu\/wp-content\/uploads\/2023\/10\/kynesiotape-1536x266.png 1536w, https:\/\/eletteregeszseg.hu\/wp-content\/uploads\/2023\/10\/kynesiotape.png 1692w\" sizes=\"auto, (max-width: 1024px) 100vw, 1024px\" \/><\/figure>\n<\/div>\n\n\n\n<div style=\"height:50px\" aria-hidden=\"true\" class=\"wp-block-spacer\"><\/div>\n\n\n\n<div class=\"wp-block-columns is-layout-flex wp-container-core-columns-is-layout-9d6595d7 wp-block-columns-is-layout-flex\">\n<div class=\"wp-block-column is-layout-flow wp-block-column-is-layout-flow\" style=\"flex-basis:20%\">\n<figure class=\"wp-block-image size-large\"><img loading=\"lazy\" decoding=\"async\" width=\"1024\" height=\"1024\" src=\"https:\/\/eletteregeszseg.hu\/wp-content\/uploads\/2023\/10\/kynesiotape-1-1024x1024.png\" alt=\"\" class=\"wp-image-317\" style=\"object-fit:cover\" srcset=\"https:\/\/eletteregeszseg.hu\/wp-content\/uploads\/2023\/10\/kynesiotape-1-1024x1024.png 1024w, https:\/\/eletteregeszseg.hu\/wp-content\/uploads\/2023\/10\/kynesiotape-1-300x300.png 300w, https:\/\/eletteregeszseg.hu\/wp-content\/uploads\/2023\/10\/kynesiotape-1-150x150.png 150w, https:\/\/eletteregeszseg.hu\/wp-content\/uploads\/2023\/10\/kynesiotape-1-768x767.png 768w, https:\/\/eletteregeszseg.hu\/wp-content\/uploads\/2023\/10\/kynesiotape-1.png 1043w\" sizes=\"auto, (max-width: 1024px) 100vw, 1024px\" \/><\/figure>\n<\/div>\n\n\n\n<div class=\"wp-block-column is-layout-flow wp-block-column-is-layout-flow\">\n<p>A Kynesio tape m\u00f3dszert Dr. Kenso Kase, jap\u00e1n kiroprakt\u0151r fejlesztette ki. A tape jelent\u00e9se magyarul: tapasz, a b\u0151r \u201cut\u00e1nzata\u201d. Egy pamutr\u00e9tegb\u0151l, illetve h\u00e1toldal\u00e1n egy hull\u00e1mszer\u0171en felvitt akril ragaszt\u00f3r\u00e9tegb\u0151l \u00e1ll. L\u00e9g-, \u00e9s v\u00edz\u00e1tereszt\u0151: lehet vele zuhanyozni, \u00faszni. A kynesio tapasz k\u00e9miai hat\u00f3anyagt\u00f3l mentes, puszt\u00e1n mechanikus m\u00f3dszer, mely megfelel\u0151 felhelyez\u00e9si technik\u00e1val a szervezet \u00f6ngy\u00f3gy\u00edt\u00f3 folyamatait seg\u00edti. Nem g\u00e1tolja a mozg\u00e1st, nem szor\u00edtja el a kering\u00e9st, mint a hagyom\u00e1nyos f\u00e1slik, egy\u00e9b r\u00f6gz\u00edt\u0151k. A tapasz nem tartalmaz semmilyen gy\u00f3gyszert, vegyi anyagot, \u00edgy nem allergiz\u00e1l. B\u0151rt\u00edpust\u00f3l \u00e9s testt\u00e1j\u00e9kt\u00f3l f\u00fcgg\u0151en 4-10 napig marad a b\u0151r\u00f6n a tapasz. (Ha vizes lesz, \u00e9rdemes hajsz\u00e1r\u00edt\u00f3val megmeleg\u00edteni, hogy a ragaszt\u00f3 \u00fajra aktiv\u00e1l\u00f3djon!) Feln\u0151ttekn\u00e9l \u00e9s gyermekekn\u00e9l egyar\u00e1nt alkalmazhat\u00f3.<\/p>\n<\/div>\n<\/div>\n\n\n\n<p id=\"E111\">FONTOS, hogy a kynesio tapaszt szakember helyezze fel a probl\u00e9m\u00e1s ter\u00fcletre!<\/p>\n\n\n\n<p id=\"E115\">Milyen hat\u00e1sai vannak a kinesio tape technik\u00e1nak?<\/p>\n\n\n\n<ul class=\"wp-block-list\">\n<li>nyirokkering\u00e9s \/ mikrokering\u00e9s jav\u00edt\u00e1sa<\/li>\n\n\n\n<li>akut \u00e9s kr\u00f3nikus f\u00e1jdalom csillap\u00edt\u00e1sa (nyak-, v\u00e1ll-, h\u00e1t-, der\u00e9k, t\u00e9rd f\u00e1jdalom\u2026)<\/li>\n\n\n\n<li>gyullad\u00e1scs\u00f6kkent\u00e9s<\/li>\n\n\n\n<li>izomfunkci\u00f3k t\u00e1mogat\u00e1sa<\/li>\n\n\n\n<li>\u00edz\u00fcleti mobilit\u00e1s vagy stabilit\u00e1s el\u0151seg\u00edt\u00e9se (ficamok, t\u00f6r\u00e9sek, m\u0171t\u00e9tek ut\u00e1n, vagy l\u00e1bdeformit\u00e1sokn\u00e1l, gerincdeformit\u00e1sok eset\u00e9ben\u2026)<\/li>\n<\/ul>\n\n\n\n<p id=\"E131\">Amennyiben sz\u00fcks\u00e9ged van ak\u00e1r akut, ak\u00e1r kr\u00f3nikus panaszaid miatt (f\u00e1jdalomcsillap\u00edt\u00e1s, funkci\u00f3jav\u00edt\u00e1s) kynesio tape alkalmaz\u00e1s\u00e1ra, keress bizalommal.<\/p>\n\n\n\n<p id=\"E133\">Szeretettel v\u00e1rlak:<\/p>\n\n\n\n<p class=\"has-text-align-center x-hand has-large-font-size\">Zsuzsi<\/p>\n\n\n\n<p>A konzult\u00e1ci\u00f3k \u00e9s kezel\u00e9sek id\u0151tartam\u00e1r\u00f3l \u00e9s \u00e1rair\u00f3l b\u0151vebben <strong><a href=\"https:\/\/eletteregeszseg.hu\/?p=536\" class=\"ek-link\">ide<\/a> <\/strong>kattintva olvashatsz.<\/p>\n","protected":false},"excerpt":{"rendered":"<p>A Kynesio tape m\u00f3dszert Dr. Kenso Kase, jap\u00e1n kiroprakt\u0151r fejlesztette ki. A tape jelent\u00e9se magyarul: tapasz, a b\u0151r \u201cut\u00e1nzata\u201d. Egy pamutr\u00e9tegb\u0151l, illetve h\u00e1toldal\u00e1n egy hull\u00e1mszer\u0171en felvitt akril ragaszt\u00f3r\u00e9tegb\u0151l \u00e1ll. L\u00e9g-, \u00e9s v\u00edz\u00e1tereszt\u0151: lehet vele zuhanyozni, \u00faszni. A kynesio tapasz k\u00e9miai hat\u00f3anyagt\u00f3l mentes, puszt\u00e1n mechanikus m\u00f3dszer, mely megfelel\u0151 felhelyez\u00e9si technik\u00e1val a szervezet \u00f6ngy\u00f3gy\u00edt\u00f3 folyamatait seg\u00edti. Nem [&hellip;]<\/p>\n","protected":false},"author":1,"featured_media":92,"parent":0,"menu_order":0,"comment_status":"closed","ping_status":"closed","template":"","meta":{"_editorskit_title_hidden":false,"_editorskit_reading_time":0,"_editorskit_is_block_options_detached":false,"_editorskit_block_options_position":"{}","inline_featured_image":false,"footnotes":""},"class_list":["post-207","page","type-page","status-publish","has-post-thumbnail","hentry"],"_links":{"self":[{"href":"https:\/\/eletteregeszseg.hu\/index.php?rest_route=\/wp\/v2\/pages\/207","targetHints":{"allow":["GET"]}}],"collection":[{"href":"https:\/\/eletteregeszseg.hu\/index.php?rest_route=\/wp\/v2\/pages"}],"about":[{"href":"https:\/\/eletteregeszseg.hu\/index.php?rest_route=\/wp\/v2\/types\/page"}],"author":[{"embeddable":true,"href":"https:\/\/eletteregeszseg.hu\/index.php?rest_route=\/wp\/v2\/users\/1"}],"replies":[{"embeddable":true,"href":"https:\/\/eletteregeszseg.hu\/index.php?rest_route=%2Fwp%2Fv2%2Fcomments&post=207"}],"version-history":[{"count":5,"href":"https:\/\/eletteregeszseg.hu\/index.php?rest_route=\/wp\/v2\/pages\/207\/revisions"}],"predecessor-version":[{"id":616,"href":"https:\/\/eletteregeszseg.hu\/index.php?rest_route=\/wp\/v2\/pages\/207\/revisions\/616"}],"wp:featuredmedia":[{"embeddable":true,"href":"https:\/\/eletteregeszseg.hu\/index.php?rest_route=\/wp\/v2\/media\/92"}],"wp:attachment":[{"href":"https:\/\/eletteregeszseg.hu\/index.php?rest_route=%2Fwp%2Fv2%2Fmedia&parent=207"}],"curies":[{"name":"wp","href":"https:\/\/api.w.org\/{rel}","templated":true}]}}