{"id":205,"date":"2023-10-09T17:44:11","date_gmt":"2023-10-09T17:44:11","guid":{"rendered":"https:\/\/eletteregeszseg.hu\/?page_id=205"},"modified":"2023-11-19T18:42:29","modified_gmt":"2023-11-19T17:42:29","slug":"baba-masszazs-lagyresz-manualis-terapia","status":"publish","type":"page","link":"https:\/\/eletteregeszseg.hu\/?page_id=205","title":{"rendered":"Baba massz\u00e1zs, l\u00e1gyr\u00e9sz manu\u00e1lis ter\u00e1pia"},"content":{"rendered":"\n<div class=\"wp-block-columns has-background is-layout-flex wp-container-core-columns-is-layout-9d6595d7 wp-block-columns-is-layout-flex\" style=\"background-color:#f5e6cd\">\n<div class=\"wp-block-column is-layout-flow wp-block-column-is-layout-flow\" style=\"flex-basis:30%\">\n<figure class=\"wp-block-image size-full\"><img loading=\"lazy\" decoding=\"async\" width=\"746\" height=\"947\" src=\"https:\/\/et.mhan.hu\/wp-content\/uploads\/2023\/09\/babaegeszsegszimbolum.png\" alt=\"\" class=\"wp-image-93\" style=\"object-fit:cover\" srcset=\"https:\/\/eletteregeszseg.hu\/wp-content\/uploads\/2023\/09\/babaegeszsegszimbolum.png 746w, https:\/\/eletteregeszseg.hu\/wp-content\/uploads\/2023\/09\/babaegeszsegszimbolum-236x300.png 236w\" sizes=\"auto, (max-width: 746px) 100vw, 746px\" \/><\/figure>\n<\/div>\n\n\n\n<div class=\"wp-block-column is-layout-flow wp-block-column-is-layout-flow\">\n<figure class=\"wp-block-image size-large x-auto\"><img loading=\"lazy\" decoding=\"async\" width=\"1024\" height=\"704\" src=\"https:\/\/eletteregeszseg.hu\/wp-content\/uploads\/2023\/10\/babaspottyosszimbolummal-1024x704-1.svg\" alt=\"\" class=\"wp-image-387\"\/><\/figure>\n<\/div>\n<\/div>\n\n\n\n<div class=\"wp-block-group is-content-justification-center is-nowrap is-layout-flex wp-container-core-group-is-layout-94bc23d7 wp-block-group-is-layout-flex\">\n<figure class=\"wp-block-image size-large is-resized\"><img loading=\"lazy\" decoding=\"async\" width=\"1024\" height=\"116\" src=\"https:\/\/eletteregeszseg.hu\/wp-content\/uploads\/2023\/10\/babamasszazslagyreszmanualisterapia-1024x116.png\" alt=\"\" class=\"wp-image-245\" style=\"object-fit:contain;width:undefinedpx;height:100px\" srcset=\"https:\/\/eletteregeszseg.hu\/wp-content\/uploads\/2023\/10\/babamasszazslagyreszmanualisterapia-1024x116.png 1024w, https:\/\/eletteregeszseg.hu\/wp-content\/uploads\/2023\/10\/babamasszazslagyreszmanualisterapia-300x34.png 300w, https:\/\/eletteregeszseg.hu\/wp-content\/uploads\/2023\/10\/babamasszazslagyreszmanualisterapia-768x87.png 768w, https:\/\/eletteregeszseg.hu\/wp-content\/uploads\/2023\/10\/babamasszazslagyreszmanualisterapia-1536x175.png 1536w, https:\/\/eletteregeszseg.hu\/wp-content\/uploads\/2023\/10\/babamasszazslagyreszmanualisterapia-2048x233.png 2048w\" sizes=\"auto, (max-width: 1024px) 100vw, 1024px\" \/><\/figure>\n<\/div>\n\n\n\n<div style=\"height:50px\" aria-hidden=\"true\" class=\"wp-block-spacer\"><\/div>\n\n\n\n<div class=\"wp-block-columns is-layout-flex wp-container-core-columns-is-layout-9d6595d7 wp-block-columns-is-layout-flex\">\n<div class=\"wp-block-column is-layout-flow wp-block-column-is-layout-flow\" style=\"flex-basis:20%\">\n<figure class=\"wp-block-image size-large\"><img loading=\"lazy\" decoding=\"async\" width=\"1024\" height=\"1024\" src=\"https:\/\/eletteregeszseg.hu\/wp-content\/uploads\/2023\/10\/babamasszazs-1024x1024.png\" alt=\"\" class=\"wp-image-311\" style=\"object-fit:cover\" srcset=\"https:\/\/eletteregeszseg.hu\/wp-content\/uploads\/2023\/10\/babamasszazs-1024x1024.png 1024w, https:\/\/eletteregeszseg.hu\/wp-content\/uploads\/2023\/10\/babamasszazs-300x300.png 300w, https:\/\/eletteregeszseg.hu\/wp-content\/uploads\/2023\/10\/babamasszazs-150x150.png 150w, https:\/\/eletteregeszseg.hu\/wp-content\/uploads\/2023\/10\/babamasszazs-768x768.png 768w, https:\/\/eletteregeszseg.hu\/wp-content\/uploads\/2023\/10\/babamasszazs.png 1042w\" sizes=\"auto, (max-width: 1024px) 100vw, 1024px\" \/><\/figure>\n<\/div>\n\n\n\n<div class=\"wp-block-column is-layout-flow wp-block-column-is-layout-flow\">\n<p>A csecsem\u0151k, kisgyermekek \u00e9let\u00e9ben is fontos szerepet j\u00e1tszik, hogy a k\u00fcl\u00f6nb\u00f6z\u0151 k\u00fcls\u0151 hat\u00e1sok (m\u00e9hen bel\u00fcli fekv\u00e9s, fektet\u00e9si m\u00f3dok, karon tart\u00e1s, esetleges s\u00e9r\u00fcl\u00e9sek) , \u00e9s r\u00e1juk jellemz\u0151 szervi elt\u00e9r\u00e9sek (t\u00f3nuseloszl\u00e1si zavar, idegrendszeri s\u00e9r\u00fcl\u00e9s\u2026) k\u00f6vetkezt\u00e9ben milyen az izmok \u00e1llapota, tapasztalhat\u00f3-e b\u00e1rmilyen probl\u00e9ma. Legt\u00f6bbsz\u00f6r a ferde fejtart\u00e1s, fokozott v\u00e1ll\u00f6vi t\u00f3nus, feszes cs\u00edp\u0151, fokozott axi\u00e1lis t\u00f3nus, aszimmetrikus mozg\u00e1smint\u00e1k stb. diagn\u00f3zis\u00e1val keresnek fel engem a Sz\u00fcl\u0151k.<\/p>\n<\/div>\n<\/div>\n\n\n\n<p id=\"E68\">A l\u00e1gyr\u00e9sz manu\u00e1lis ter\u00e1pia c\u00e9lja a probl\u00e9m\u00e1s ter\u00fcletek, izmok, izomcsoportok kezel\u00e9se. A test fel\u00fcletes, k\u00f6z\u00e9ps\u0151 \u00e9s m\u00e9ly r\u00e9tegeire terjed ki a \u201emassz\u00e1zs\u201d, melynek sor\u00e1n a feszes izomsz\u00f6vetet, esetenk\u00e9nt f\u00e1jdalmas pontokat (Trigger pontokat) fokozatosan el\u00e9rve old\u00e1s k\u00f6vetkezik be. A r\u00f6vid\u00fclt izmokat ny\u00fajtja\/laz\u00edtja, a gyeng\u00fclt izmokat toniz\u00e1lja\/er\u0151s\u00edti ez a ter\u00e1pi\u00e1s kezel\u00e9s. Ez\u00e1ltal jav\u00edtja a kering\u00e9st \u00e9s az izomfunkci\u00f3t, ami bab\u00e1k eset\u00e9ben a helyes mozg\u00e1smint\u00e1k megtanul\u00e1s\u00e1hoz elengedhetetlen\u00fcl sz\u00fcks\u00e9ges. Egys\u00e9get teremt a testr\u00e9szek \u00f6sszehangol\u00e1s\u00e1val!<\/p>\n\n\n\n<p id=\"E72\">Ez a fajta manu\u00e1lis kezel\u00e9s a csecsem\u0151k sz\u00e1m\u00e1ra eleinte szokatlan lehet, hiszen m\u00e9g nem tal\u00e1lkoztak ilyenfajta \u201e\u00e9rint\u00e9ssel\u201d. A diszkomfort \u00e9rz\u00e9st a legt\u00f6bb baba teljesen nyugodtan viseli, n\u00e9h\u00e1ny baba eleinte s\u00edr\u00e1ssal jelez, de ha a figyelm\u00e9t elterelj\u00fck, \u00fcgyesen megszokja, elviseli a kezel\u00e9st. P\u00e1r alkalom alatt el\u00e9rhet\u0151 az, hogy a probl\u00e9m\u00e1s ter\u00fclet kezel\u00e9se m\u00e1r nem jelent gondot, kilazult a feszess\u00e9g, helyre\u00e1llt az izomegyens\u00faly, ez\u00e1ltal rendez\u0151d\u00f6tt a mozg\u00e1sminta probl\u00e9m\u00e1ja. Mik\u00f6zben a massz\u00e1zs kezel\u00e9st v\u00e9gzem, tisztelettel \u00e9s finoman \u00e9rintem meg a Bab\u00e1kat.<\/p>\n\n\n\n<p id=\"E76\">Ha \u00fagy gondolod, hogy Bab\u00e1d sz\u00e1m\u00e1ra sz\u00fcks\u00e9ges ez a kezel\u00e9s (vagy szakember javasolta), akkor keress bizalommal!<\/p>\n\n\n\n<p id=\"E78\">Szeretettel v\u00e1rlak Benneteket:<\/p>\n\n\n\n<p><p class=\"has-text-align-center x-hand has-large-font-size\">Zsuzsi<span style=\"font-size: revert; color: initial;\"> <\/span><\/p><\/p>\n\n\n\n<p>A konzult\u00e1ci\u00f3k \u00e9s kezel\u00e9sek id\u0151tartam\u00e1r\u00f3l \u00e9s \u00e1rair\u00f3l b\u0151vebben <strong><a href=\"https:\/\/eletteregeszseg.hu\/?p=536\" class=\"ek-link\">ide<\/a> <\/strong>kattintva olvashatsz.<\/p>\n","protected":false},"excerpt":{"rendered":"<p>A csecsem\u0151k, kisgyermekek \u00e9let\u00e9ben is fontos szerepet j\u00e1tszik, hogy a k\u00fcl\u00f6nb\u00f6z\u0151 k\u00fcls\u0151 hat\u00e1sok (m\u00e9hen bel\u00fcli fekv\u00e9s, fektet\u00e9si m\u00f3dok, karon tart\u00e1s, esetleges s\u00e9r\u00fcl\u00e9sek) , \u00e9s r\u00e1juk jellemz\u0151 szervi elt\u00e9r\u00e9sek (t\u00f3nuseloszl\u00e1si zavar, idegrendszeri s\u00e9r\u00fcl\u00e9s\u2026) k\u00f6vetkezt\u00e9ben milyen az izmok \u00e1llapota, tapasztalhat\u00f3-e b\u00e1rmilyen probl\u00e9ma. Legt\u00f6bbsz\u00f6r a ferde fejtart\u00e1s, fokozott v\u00e1ll\u00f6vi t\u00f3nus, feszes cs\u00edp\u0151, fokozott axi\u00e1lis t\u00f3nus, aszimmetrikus mozg\u00e1smint\u00e1k stb. [&hellip;]<\/p>\n","protected":false},"author":1,"featured_media":92,"parent":0,"menu_order":0,"comment_status":"closed","ping_status":"closed","template":"","meta":{"_editorskit_title_hidden":false,"_editorskit_reading_time":0,"_editorskit_is_block_options_detached":false,"_editorskit_block_options_position":"{}","inline_featured_image":false,"footnotes":""},"class_list":["post-205","page","type-page","status-publish","has-post-thumbnail","hentry"],"_links":{"self":[{"href":"https:\/\/eletteregeszseg.hu\/index.php?rest_route=\/wp\/v2\/pages\/205","targetHints":{"allow":["GET"]}}],"collection":[{"href":"https:\/\/eletteregeszseg.hu\/index.php?rest_route=\/wp\/v2\/pages"}],"about":[{"href":"https:\/\/eletteregeszseg.hu\/index.php?rest_route=\/wp\/v2\/types\/page"}],"author":[{"embeddable":true,"href":"https:\/\/eletteregeszseg.hu\/index.php?rest_route=\/wp\/v2\/users\/1"}],"replies":[{"embeddable":true,"href":"https:\/\/eletteregeszseg.hu\/index.php?rest_route=%2Fwp%2Fv2%2Fcomments&post=205"}],"version-history":[{"count":5,"href":"https:\/\/eletteregeszseg.hu\/index.php?rest_route=\/wp\/v2\/pages\/205\/revisions"}],"predecessor-version":[{"id":612,"href":"https:\/\/eletteregeszseg.hu\/index.php?rest_route=\/wp\/v2\/pages\/205\/revisions\/612"}],"wp:featuredmedia":[{"embeddable":true,"href":"https:\/\/eletteregeszseg.hu\/index.php?rest_route=\/wp\/v2\/media\/92"}],"wp:attachment":[{"href":"https:\/\/eletteregeszseg.hu\/index.php?rest_route=%2Fwp%2Fv2%2Fmedia&parent=205"}],"curies":[{"name":"wp","href":"https:\/\/api.w.org\/{rel}","templated":true}]}}