{"id":204,"date":"2023-10-09T17:44:11","date_gmt":"2023-10-09T17:44:11","guid":{"rendered":"https:\/\/eletteregeszseg.hu\/?page_id=204"},"modified":"2023-11-19T18:43:48","modified_gmt":"2023-11-19T17:43:48","slug":"konzultacio-tanacsadas","status":"publish","type":"page","link":"https:\/\/eletteregeszseg.hu\/?page_id=204","title":{"rendered":"Konzult\u00e1ci\u00f3, tan\u00e1csad\u00e1s"},"content":{"rendered":"\n<div class=\"wp-block-columns has-background is-layout-flex wp-container-core-columns-is-layout-9d6595d7 wp-block-columns-is-layout-flex\" style=\"background-color:#f5e6cd\">\n<div class=\"wp-block-column is-layout-flow wp-block-column-is-layout-flow\" style=\"flex-basis:30%\">\n<figure class=\"wp-block-image size-full\"><img loading=\"lazy\" decoding=\"async\" width=\"746\" height=\"947\" src=\"https:\/\/et.mhan.hu\/wp-content\/uploads\/2023\/09\/babaegeszsegszimbolum.png\" alt=\"\" class=\"wp-image-93\" style=\"object-fit:cover\" srcset=\"https:\/\/eletteregeszseg.hu\/wp-content\/uploads\/2023\/09\/babaegeszsegszimbolum.png 746w, https:\/\/eletteregeszseg.hu\/wp-content\/uploads\/2023\/09\/babaegeszsegszimbolum-236x300.png 236w\" sizes=\"auto, (max-width: 746px) 100vw, 746px\" \/><\/figure>\n<\/div>\n\n\n\n<div class=\"wp-block-column is-layout-flow wp-block-column-is-layout-flow\">\n<figure class=\"wp-block-image size-large x-auto\"><img loading=\"lazy\" decoding=\"async\" width=\"1024\" height=\"704\" src=\"https:\/\/eletteregeszseg.hu\/wp-content\/uploads\/2023\/10\/babaspottyosszimbolummal-1024x704-1.svg\" alt=\"\" class=\"wp-image-387\"\/><\/figure>\n<\/div>\n<\/div>\n\n\n\n<div class=\"wp-block-group is-content-justification-center is-nowrap is-layout-flex wp-container-core-group-is-layout-94bc23d7 wp-block-group-is-layout-flex\">\n<figure class=\"wp-block-image size-large is-resized\"><img loading=\"lazy\" decoding=\"async\" width=\"1024\" height=\"177\" src=\"https:\/\/eletteregeszseg.hu\/wp-content\/uploads\/2023\/10\/konzultaciotanacsadasbabas-1024x177.png\" alt=\"\" class=\"wp-image-243\" style=\"object-fit:contain;width:undefinedpx;height:100px\" srcset=\"https:\/\/eletteregeszseg.hu\/wp-content\/uploads\/2023\/10\/konzultaciotanacsadasbabas-1024x177.png 1024w, https:\/\/eletteregeszseg.hu\/wp-content\/uploads\/2023\/10\/konzultaciotanacsadasbabas-300x52.png 300w, https:\/\/eletteregeszseg.hu\/wp-content\/uploads\/2023\/10\/konzultaciotanacsadasbabas-768x133.png 768w, https:\/\/eletteregeszseg.hu\/wp-content\/uploads\/2023\/10\/konzultaciotanacsadasbabas-1536x266.png 1536w, https:\/\/eletteregeszseg.hu\/wp-content\/uploads\/2023\/10\/konzultaciotanacsadasbabas.png 1692w\" sizes=\"auto, (max-width: 1024px) 100vw, 1024px\" \/><\/figure>\n<\/div>\n\n\n\n<div style=\"height:50px\" aria-hidden=\"true\" class=\"wp-block-spacer\"><\/div>\n\n\n\n<div class=\"wp-block-columns is-layout-flex wp-container-core-columns-is-layout-9d6595d7 wp-block-columns-is-layout-flex\">\n<div class=\"wp-block-column is-layout-flow wp-block-column-is-layout-flow\" style=\"flex-basis:20%\">\n<figure class=\"wp-block-image size-large\"><img loading=\"lazy\" decoding=\"async\" width=\"1024\" height=\"1024\" src=\"https:\/\/eletteregeszseg.hu\/wp-content\/uploads\/2023\/10\/konzultaciobabas-1024x1024.png\" alt=\"\" class=\"wp-image-309\" style=\"object-fit:cover\" srcset=\"https:\/\/eletteregeszseg.hu\/wp-content\/uploads\/2023\/10\/konzultaciobabas-1024x1024.png 1024w, https:\/\/eletteregeszseg.hu\/wp-content\/uploads\/2023\/10\/konzultaciobabas-300x300.png 300w, https:\/\/eletteregeszseg.hu\/wp-content\/uploads\/2023\/10\/konzultaciobabas-150x150.png 150w, https:\/\/eletteregeszseg.hu\/wp-content\/uploads\/2023\/10\/konzultaciobabas-768x767.png 768w, https:\/\/eletteregeszseg.hu\/wp-content\/uploads\/2023\/10\/konzultaciobabas.png 1043w\" sizes=\"auto, (max-width: 1024px) 100vw, 1024px\" \/><\/figure>\n<\/div>\n\n\n\n<div class=\"wp-block-column is-layout-flow wp-block-column-is-layout-flow\">\n<p>Mint ahogy a bevezet\u0151mben is le\u00edrtam, egy megsz\u00fcletni v\u00e1gy\u00f3 kis L\u00e9lek m\u00e1r a fogantat\u00e1s pillanat\u00e1t\u00f3l k\u00e9sz\u00fcl\u0151dik az \u00c9let-re! \u00c9lete els\u0151 napjait\u00f3l kezdve rengeteg dolgot kell megtanulnia: leveg\u0151t venni, enni, em\u00e9szteni, aludni, \u00e9bren lenni\u2026 Napr\u00f3l-napra fejl\u0151dik a l\u00e1t\u00e1sa, az \u00e9rz\u00e9kel\u00e9se, az idegrendszere. Felfedezi a saj\u00e1t test\u00e9t, megtanul hasalni, forogni, a t\u00e1rgyakat megfogni. Eleinte minden mozg\u00e1s neh\u00e9z, mert nehezen engedelmeskednek a kezei, l\u00e1bai. Azt\u00e1n k\u00faszva, m\u00e1szva bej\u00e1rja a teret, \u00e9s felfedezi az \u0151t k\u00f6r\u00fclvev\u0151 vil\u00e1got. \u00dajabbn\u00e1l \u00fajabb megtapasztal\u00e1sok, felfedez\u00e9sek v\u00e1rnak r\u00e1.<\/p>\n<\/div>\n<\/div>\n\n\n\n<p id=\"E89\">K\u00f6zben \u00e9rz\u00e9keli, hogy Ti &#8211; a Sz\u00fclei \u2013 szeretettel \u00e9s gondoskodva veszitek k\u00f6r\u00fcl. N\u00e9ha lehet, hogy kiss\u00e9 bizonytalanok vagytok, hogy mindent j\u00f3l csin\u00e1ltok-e, \u00e9s m\u00e9g nem mindig \u00e9rtitek meg, mi j\u00f3 a Bab\u00e1toknak. De ez nem baj! K\u00f6z\u00f6sen tanulj\u00e1tok egym\u00e1st!<\/p>\n\n\n\n<p id=\"E106\">Az els\u0151 \u00e9let\u00e9vek fejl\u0151d\u00e9si \u00fcteme, \u00e9s min\u0151s\u00e9ge az eg\u00e9sz \u00e9let\u00fcnkre hat\u00e1ssal van. Az els\u0151 p\u00e1r \u00e9vben fejl\u0151d\u00fcnk, tanulunk a legt\u00f6bbet, az idegrendszer szervez\u0151d\u00e9se ekkor a legintenz\u00edvebb. Kibontakoznak a k\u00e9pess\u00e9geink, kialakulnak az alapvet\u0151 hum\u00e1n funkci\u00f3ink: a j\u00e1r\u00e1s, manipul\u00e1ci\u00f3, besz\u00e9d, tests\u00e9ma, felismer\u00e9s, elemi szok\u00e1sok, majd az \u00e9n-tudat. \u00cdgy \u00e9rthet\u0151 igaz\u00e1n annak a jelent\u0151s\u00e9ge, hogy a Bab\u00e1nk els\u0151 p\u00e1r \u00e9v\u00e9nek fejl\u0151d\u00e9si \u00fcteme \u00e9s min\u0151s\u00e9ge a legnagyobb m\u00e9rt\u00e9kben meghat\u00e1rozza a szem\u00e9lyis\u00e9gfejl\u0151d\u00e9s \u00fctem\u00e9t \u00e9s jelleg\u00e9t. Azaz nemcsak a fizikai s\u00edkon, hanem lelki \u00e9s ment\u00e1lis s\u00edkon befoly\u00e1solja, hogy milyen EMBER-r\u00e9 v\u00e1lhat gyermek\u00fcnk\u2026<\/p>\n\n\n\n<p id=\"E123\">Hiszek abban, hogy minden Sz\u00fcl\u0151 a lehet\u0151 legjobbat szeretn\u00e9 a Bab\u00e1j\u00e1nak, gyermek\u00e9nek adni! De nem mindegy, hogy milyen mint\u00e1kkal, sztereot\u00edpi\u00e1kkal, interneten terjed\u0151 \u00e1l-igazs\u00e1gokkal tal\u00e1lkozik, mik azok az impulzusok, amik seg\u00edtenek (vagy nem seg\u00edtenek) a j\u00f3 sz\u00fcl\u0151v\u00e9 v\u00e1l\u00e1sban.<\/p>\n\n\n\n<p id=\"E125\">Amennyiben \u00fagy gondolod Kedves Sz\u00fcl\u0151, hogy vannak k\u00e9rd\u00e9seid, esetleg bizonytalans\u00e1gok a bab\u00e1d gondoz\u00e1s\u00e1val, fejl\u0151d\u00e9s\u00e9vel, nevelget\u00e9s\u00e9vel kapcsolatban, sz\u00edvesen seg\u00edtek t\u00e1mpontokkal, instrukci\u00f3kkal, k\u00fcl\u00f6nb\u00f6z\u0151 szempontok ismertet\u00e9s\u00e9vel. Nemcsak h\u00e1romgyermekes anyak\u00e9nt, hanem ayurv\u00e9da konzulensk\u00e9nt \u00e9s pszichol\u00f3giai ismereteimmel igyekezlek t\u00e1mogatni Titeket, hogy min\u00e9l k\u00f6nnyebben, tiszt\u00e1bban kialak\u00edts\u00e1tok saj\u00e1t m\u00f3dszereiteket, megtal\u00e1lj\u00e1tok a r\u00e1tok jellemz\u0151 eszk\u00f6z\u00f6ket, seg\u00edts\u00e9geket, hogy a lehet\u0151 leghelyesebben szeress\u00e9tek, nevelj\u00e9tek a hozz\u00e1tok sz\u00fclet\u0151 Bab\u00e1t!<\/p>\n\n\n\n<p id=\"E140\">\u201dMinden Baba okkal v\u00e1lasztja sz\u00fcleit!\u201d<\/p>\n\n\n\n<p id=\"E142\"><br><\/p>\n\n\n\n<p id=\"E143\">Az al\u00e1bbiakban kiemeln\u00e9k p\u00e1r p\u00e9ld\u00e1t, hogy milyen probl\u00e9m\u00e1k, neh\u00e9zs\u00e9gek eset\u00e9n \u00e9rdemes konzult\u00e1ci\u00f3t, tan\u00e1csad\u00e1st k\u00e9rni:<\/p>\n\n\n\n<ul class=\"wp-block-list\">\n<li>probl\u00e9m\u00e1s v\u00e1rand\u00f3s\u00e1g, neh\u00e9z sz\u00fclet\u00e9s, rossz sz\u00fclet\u00e9sk\u00f6r\u00fcli (perinat\u00e1lis) param\u00e9terek<\/li>\n\n\n\n<li>nehez\u00edtett t\u00e1pl\u00e1l\u00e1s (ak\u00e1r szoptat\u00e1si probl\u00e9m\u00e1k), hasf\u00e1j\u00e1s, em\u00e9szt\u00e9si probl\u00e9m\u00e1k<\/li>\n\n\n\n<li>alv\u00e1si, altat\u00e1si neh\u00e9zs\u00e9gek, nyugtalans\u00e1g<\/li>\n\n\n\n<li>asszimetria a fejtart\u00e1sban, fejforgat\u00e1sban, k\u00e9zhaszn\u00e1latban, mozg\u00e1sok kivitelez\u00e9s\u00e9ben<\/li>\n\n\n\n<li>ha nem szeret hasalni \u00e9ber \u00e1llapotban a baba!!! (A hozz\u00e1m j\u00e1r\u00f3 sz\u00fcl\u0151k tudj\u00e1k az egyik legfontosabb piros bet\u0171s mondatomat: \u201eA hason fekv\u00e9s a mozg\u00e1sfejl\u0151d\u00e9s\u00fcnk alapja!\u201d )<\/li>\n\n\n\n<li>megk\u00e9sett, vagy kimaradt nagymozg\u00e1sok eset\u00e9n<\/li>\n\n\n\n<li>a fejl\u0151d\u00e9sben val\u00f3 megreked\u00e9s, hirtelen visszaes\u00e9s eset\u00e9n<\/li>\n\n\n\n<li>k\u00fcl\u00f6nb\u00f6z\u0151 szindr\u00f3m\u00e1k, betegs\u00e9gek eset\u00e9n\u2026<\/li>\n\n\n\n<li>ha b\u00e1rmi olyan k\u00e9rd\u00e9sed van, amire m\u00e9g nem tal\u00e1lt\u00e1l megnyugtat\u00f3 v\u00e1laszt\u2026<\/li>\n<\/ul>\n\n\n\n<p id=\"E204\">Nagyon szeretek a sz\u00fcl\u0151kkel egy\u00fctt dolgozni azon, hogy a hozz\u00e1m ell\u00e1togat\u00f3 Kisbab\u00e1k visszanyerj\u00e9k\/megtarts\u00e1k Eg\u00e9sz-s\u00e9g\u00fcket, \u00e9s elsaj\u00e1t\u00edts\u00e1k mindazt, ami fejl\u0151d\u00e9s\u00fckh\u00f6z, leend\u0151 \u00f6n\u00e1ll\u00f3 kis \u00e9let\u00fckh\u00f6z sz\u00fcks\u00e9ges, hogy boldog, teljes \u00e9letet \u00e9lhessenek!<\/p>\n\n\n\n<p id=\"E213\">Szeretettel v\u00e1rlak Benneteket:<\/p>\n\n\n\n<p class=\"has-text-align-center x-hand has-large-font-size\">Zsuzsi<\/p>\n\n\n\n<p>A konzult\u00e1ci\u00f3k \u00e9s kezel\u00e9sek id\u0151tartam\u00e1r\u00f3l \u00e9s \u00e1rair\u00f3l b\u0151vebben <strong><a href=\"https:\/\/eletteregeszseg.hu\/?p=536\" class=\"ek-link\">ide<\/a> <\/strong>kattintva olvashatsz.<\/p>\n","protected":false},"excerpt":{"rendered":"<p>Mint ahogy a bevezet\u0151mben is le\u00edrtam, egy megsz\u00fcletni v\u00e1gy\u00f3 kis L\u00e9lek m\u00e1r a fogantat\u00e1s pillanat\u00e1t\u00f3l k\u00e9sz\u00fcl\u0151dik az \u00c9let-re! \u00c9lete els\u0151 napjait\u00f3l kezdve rengeteg dolgot kell megtanulnia: leveg\u0151t venni, enni, em\u00e9szteni, aludni, \u00e9bren lenni\u2026 Napr\u00f3l-napra fejl\u0151dik a l\u00e1t\u00e1sa, az \u00e9rz\u00e9kel\u00e9se, az idegrendszere. Felfedezi a saj\u00e1t test\u00e9t, megtanul hasalni, forogni, a t\u00e1rgyakat megfogni. Eleinte minden mozg\u00e1s neh\u00e9z, [&hellip;]<\/p>\n","protected":false},"author":1,"featured_media":92,"parent":0,"menu_order":0,"comment_status":"closed","ping_status":"closed","template":"","meta":{"_editorskit_title_hidden":false,"_editorskit_reading_time":0,"_editorskit_is_block_options_detached":false,"_editorskit_block_options_position":"{}","inline_featured_image":false,"footnotes":""},"class_list":["post-204","page","type-page","status-publish","has-post-thumbnail","hentry"],"_links":{"self":[{"href":"https:\/\/eletteregeszseg.hu\/index.php?rest_route=\/wp\/v2\/pages\/204","targetHints":{"allow":["GET"]}}],"collection":[{"href":"https:\/\/eletteregeszseg.hu\/index.php?rest_route=\/wp\/v2\/pages"}],"about":[{"href":"https:\/\/eletteregeszseg.hu\/index.php?rest_route=\/wp\/v2\/types\/page"}],"author":[{"embeddable":true,"href":"https:\/\/eletteregeszseg.hu\/index.php?rest_route=\/wp\/v2\/users\/1"}],"replies":[{"embeddable":true,"href":"https:\/\/eletteregeszseg.hu\/index.php?rest_route=%2Fwp%2Fv2%2Fcomments&post=204"}],"version-history":[{"count":5,"href":"https:\/\/eletteregeszseg.hu\/index.php?rest_route=\/wp\/v2\/pages\/204\/revisions"}],"predecessor-version":[{"id":614,"href":"https:\/\/eletteregeszseg.hu\/index.php?rest_route=\/wp\/v2\/pages\/204\/revisions\/614"}],"wp:featuredmedia":[{"embeddable":true,"href":"https:\/\/eletteregeszseg.hu\/index.php?rest_route=\/wp\/v2\/media\/92"}],"wp:attachment":[{"href":"https:\/\/eletteregeszseg.hu\/index.php?rest_route=%2Fwp%2Fv2%2Fmedia&parent=204"}],"curies":[{"name":"wp","href":"https:\/\/api.w.org\/{rel}","templated":true}]}}