{"id":202,"date":"2023-10-09T17:44:11","date_gmt":"2023-10-09T17:44:11","guid":{"rendered":"https:\/\/eletteregeszseg.hu\/?page_id=202"},"modified":"2023-11-19T18:44:06","modified_gmt":"2023-11-19T17:44:06","slug":"korai-fejlesztes-mozgasfejlesztes","status":"publish","type":"page","link":"https:\/\/eletteregeszseg.hu\/?page_id=202","title":{"rendered":"Korai fejleszt\u00e9s, mozg\u00e1sfejleszt\u00e9s"},"content":{"rendered":"\n<div class=\"wp-block-columns has-background is-layout-flex wp-container-core-columns-is-layout-9d6595d7 wp-block-columns-is-layout-flex\" style=\"background-color:#f5e6cd\">\n<div class=\"wp-block-column is-layout-flow wp-block-column-is-layout-flow\" style=\"flex-basis:30%\">\n<figure class=\"wp-block-image size-full\"><img loading=\"lazy\" decoding=\"async\" width=\"746\" height=\"947\" src=\"https:\/\/et.mhan.hu\/wp-content\/uploads\/2023\/09\/babaegeszsegszimbolum.png\" alt=\"\" class=\"wp-image-93\" style=\"object-fit:cover\" srcset=\"https:\/\/eletteregeszseg.hu\/wp-content\/uploads\/2023\/09\/babaegeszsegszimbolum.png 746w, https:\/\/eletteregeszseg.hu\/wp-content\/uploads\/2023\/09\/babaegeszsegszimbolum-236x300.png 236w\" sizes=\"auto, (max-width: 746px) 100vw, 746px\" \/><\/figure>\n<\/div>\n\n\n\n<div class=\"wp-block-column is-layout-flow wp-block-column-is-layout-flow\">\n<figure class=\"wp-block-image size-large x-auto\"><img loading=\"lazy\" decoding=\"async\" width=\"1024\" height=\"704\" src=\"https:\/\/eletteregeszseg.hu\/wp-content\/uploads\/2023\/10\/babaspottyosszimbolummal-1024x704-1.svg\" alt=\"\" class=\"wp-image-387\"\/><\/figure>\n<\/div>\n<\/div>\n\n\n\n<div class=\"wp-block-group is-content-justification-center is-nowrap is-layout-flex wp-container-core-group-is-layout-94bc23d7 wp-block-group-is-layout-flex\">\n<figure class=\"wp-block-image size-large is-resized\"><img loading=\"lazy\" decoding=\"async\" width=\"1024\" height=\"152\" src=\"https:\/\/eletteregeszseg.hu\/wp-content\/uploads\/2023\/10\/koraifejlesztesmozgasfejlesztes-1024x152.png\" alt=\"\" class=\"wp-image-238\" style=\"object-fit:contain;width:undefinedpx;height:100px\" srcset=\"https:\/\/eletteregeszseg.hu\/wp-content\/uploads\/2023\/10\/koraifejlesztesmozgasfejlesztes-1024x152.png 1024w, https:\/\/eletteregeszseg.hu\/wp-content\/uploads\/2023\/10\/koraifejlesztesmozgasfejlesztes-300x44.png 300w, https:\/\/eletteregeszseg.hu\/wp-content\/uploads\/2023\/10\/koraifejlesztesmozgasfejlesztes-768x114.png 768w, https:\/\/eletteregeszseg.hu\/wp-content\/uploads\/2023\/10\/koraifejlesztesmozgasfejlesztes-1536x228.png 1536w, https:\/\/eletteregeszseg.hu\/wp-content\/uploads\/2023\/10\/koraifejlesztesmozgasfejlesztes.png 1977w\" sizes=\"auto, (max-width: 1024px) 100vw, 1024px\" \/><\/figure>\n<\/div>\n\n\n\n<div style=\"height:50px\" aria-hidden=\"true\" class=\"wp-block-spacer\"><\/div>\n\n\n\n<div class=\"wp-block-columns is-layout-flex wp-container-core-columns-is-layout-9d6595d7 wp-block-columns-is-layout-flex\">\n<div class=\"wp-block-column is-layout-flow wp-block-column-is-layout-flow\" style=\"flex-basis:20%\">\n<figure class=\"wp-block-image size-large\"><img loading=\"lazy\" decoding=\"async\" width=\"1024\" height=\"1024\" src=\"https:\/\/eletteregeszseg.hu\/wp-content\/uploads\/2023\/10\/koraifejlesztes-1024x1024.png\" alt=\"\" class=\"wp-image-306\" style=\"object-fit:cover\" srcset=\"https:\/\/eletteregeszseg.hu\/wp-content\/uploads\/2023\/10\/koraifejlesztes-1024x1024.png 1024w, https:\/\/eletteregeszseg.hu\/wp-content\/uploads\/2023\/10\/koraifejlesztes-300x300.png 300w, https:\/\/eletteregeszseg.hu\/wp-content\/uploads\/2023\/10\/koraifejlesztes-150x150.png 150w, https:\/\/eletteregeszseg.hu\/wp-content\/uploads\/2023\/10\/koraifejlesztes-768x767.png 768w, https:\/\/eletteregeszseg.hu\/wp-content\/uploads\/2023\/10\/koraifejlesztes.png 1043w\" sizes=\"auto, (max-width: 1024px) 100vw, 1024px\" \/><\/figure>\n<\/div>\n\n\n\n<div class=\"wp-block-column is-layout-flow wp-block-column-is-layout-flow\">\n<p id=\"E142\">Korai fejleszt\u00e9sre azoknak a 0-5 \u00e9v k\u00f6z\u00f6tti csecsem\u0151knek, kisgyermekeknek van sz\u00fcks\u00e9g\u00fck, akiknek a fejl\u0151d\u00e9se \u2013 b\u00e1rmilyen okb\u00f3l kifoly\u00f3lag &#8211; elt\u00e9r a vel\u00fck azonos kor\u00faak\u00e9t\u00f3l. A c\u00e9lcsoportba tartoznak a megk\u00e9sett vagy elt\u00e9r\u0151 fejl\u0151d\u00e9s\u0171, saj\u00e1tos nevel\u00e9si ig\u00e9ny\u0171 gyerekek is.<\/p>\n\n\n\n<p id=\"E144\">Egy alapos kivizsg\u00e1l\u00e1s, anamn\u00e9zis felv\u00e9tel ut\u00e1n szem\u00e9lyre szabottan \u00e9p\u00edtem fel a kezel\u00e9si tervet. Sz\u00fcks\u00e9g eset\u00e9n egy\u00e9b szakvizsg\u00e1latot is javaslok, hogy min\u00e9l pontosabban tudjam meghat\u00e1rozni az elmarad\u00e1s, diszfunkci\u00f3 ok\u00e1t, eredet\u00e9t.<\/p>\n<\/div>\n<\/div>\n\n\n\n<p id=\"E142\">Az egy\u00e9nre szabott feladatokat, j\u00e1t\u00e9kos mozdulatokat a sz\u00fcl\u0151knek megmutatom, betan\u00edtom, \u00edgy lehet\u0151s\u00e9g van arra, hogy a sz\u00fcl\u0151k otthonukban is v\u00e9gezhess\u00e9k tov\u00e1bb a ter\u00e1pi\u00e1t. Hiszek abban, hogy a sz\u00fcl\u0151t kompetenss\u00e9, akt\u00edv r\u00e9szes\u00e9v\u00e9 kell tenni saj\u00e1t gyermek\u00e9nek a gy\u00f3gy\u00edt\u00e1s\u00e1ban, fejleszt\u00e9sben, mert csak \u00edgy \u2013 k\u00f6z\u00f6s munk\u00e1val \u2013 \u00e9rhet\u0151 el a mihamarabbi, tart\u00f3s eredm\u00e9ny!<\/p>\n\n\n\n<p id=\"E148\">Tov\u00e1bb\u00e1 fontosnak tartom azt is, hogy a komplex fejleszt\u00e9s, ter\u00e1pia id\u0151ben kezd\u0151dj\u00f6n meg. Nem \u00e9rtek egyet a : \u201em\u00e9g r\u00e1\u00e9r\u00fcnk\u201d, \u201emajd kin\u00f6vi\u201d, \u201e az \u00e9n gyerekem is ilyen volt\u2026\u201d kezdet\u0171 mondatokkal!!! T\u00f6bb ezer kisbaba, kisgyermek p\u00e1ciensem p\u00e9ld\u00e1j\u00e1n kereszt\u00fcl megtapasztalhattam, hogy min\u00e9l hamarabb kezdj\u00fck meg a c\u00e9lir\u00e1nyos, komplex fejleszt\u00e9st, ter\u00e1pi\u00e1t, ann\u00e1l ink\u00e1bb elker\u00fclhet\u0151k a nemk\u00edv\u00e1nt sz\u00f6v\u0151dm\u00e9nyek, helytelen, vagy kimaradt mozg\u00e1smint\u00e1k\u2026 A sz\u00fcl\u0151k \u00e9s az \u0151ket seg\u00edt\u0151 szakemberek felel\u0151ss\u00e9ge, hogy a csecsem\u0151vel, kisgyermekkel mihamarabb elkezdett fejleszt\u00e9s, ter\u00e1pia \u00e1ltal javuljon az \u00e9letmin\u0151s\u00e9ge, hossz\u00fat\u00e1von a k\u00f6z\u00f6ss\u00e9gbe val\u00f3 z\u00f6kken\u0151mentes beilleszked\u00e9se, tanul\u00e1si k\u00e9pess\u00e9gei, Eg\u00e9sz-s\u00e9ge!<\/p>\n\n\n\n<p id=\"E150\">Hiszek abban, hogy az els\u0151 \u00e9let\u00e9vek fejl\u0151d\u00e9si \u00fcteme, \u00e9s min\u0151s\u00e9ge az eg\u00e9sz \u00e9let\u00fcnkre hat\u00e1ssal van. Az els\u0151 p\u00e1r \u00e9vben fejl\u0151d\u00fcnk, tanulunk a legt\u00f6bbet, az idegrendszer szervez\u0151d\u00e9se ekkor a legintenz\u00edvebb. Kibontakoznak a k\u00e9pess\u00e9geink, kialakulnak az alapvet\u0151 hum\u00e1n funkci\u00f3ink: a j\u00e1r\u00e1s, manipul\u00e1ci\u00f3, besz\u00e9d, tests\u00e9ma, felismer\u00e9s, elemi szok\u00e1sok, majd az \u00e9n-tudat. \u00cdgy \u00e9rthet\u0151 igaz\u00e1n annak a jelent\u0151s\u00e9ge, hogy a Bab\u00e1nk els\u0151 p\u00e1r \u00e9v\u00e9nek fejl\u0151d\u00e9si \u00fcteme \u00e9s min\u0151s\u00e9ge a legnagyobb m\u00e9rt\u00e9kben meghat\u00e1rozza a szem\u00e9lyis\u00e9gfejl\u0151d\u00e9s \u00fctem\u00e9t \u00e9s jelleg\u00e9t. Azaz nemcsak a fizikai s\u00edkon, hanem lelki \u00e9s ment\u00e1lis s\u00edkon befoly\u00e1solja, hogy milyen EMBER-r\u00e9 v\u00e1lhat gyermek\u00fcnk\u2026<\/p>\n\n\n\n<p id=\"E152\"><br><\/p>\n\n\n\n<p id=\"E154\">Az al\u00e1bbiakban kiemeln\u00e9k p\u00e1r fontos szempontot, hogy milyen probl\u00e9m\u00e1k eset\u00e9n \u00e9rdemes hozz\u00e1m fordulni, korai fejleszt\u00e9st, mozg\u00e1sfejleszt\u00e9st megkezdeni:<\/p>\n\n\n\n<ul class=\"wp-block-list\">\n<li>probl\u00e9m\u00e1s v\u00e1rand\u00f3ss\u00e1g, neh\u00e9z sz\u00fclet\u00e9s, rossz sz\u00fclet\u00e9sk\u00f6r\u00fcli (perinat\u00e1lis) param\u00e9terek<\/li>\n\n\n\n<li>nehez\u00edtett t\u00e1pl\u00e1l\u00e1s (ak\u00e1r szoptat\u00e1si probl\u00e9m\u00e1k), hasf\u00e1j\u00e1s, em\u00e9szt\u00e9si probl\u00e9m\u00e1k<\/li>\n\n\n\n<li>alv\u00e1si, altat\u00e1si neh\u00e9zs\u00e9gek, nyugtalans\u00e1g<\/li>\n\n\n\n<li>asszimetria a fejtart\u00e1sban, fejforgat\u00e1sban, k\u00e9zhaszn\u00e1latban, mozg\u00e1sok kivitelez\u00e9s\u00e9ben<\/li>\n\n\n\n<li>ha nem szeret hasalni \u00e9ber \u00e1llapotban a baba!!! (A hozz\u00e1m j\u00e1r\u00f3 sz\u00fcl\u0151k tudj\u00e1k az egyik legfontosabb piros bet\u0171s mondatomat: \u201eA hason fekv\u00e9s a mozg\u00e1sfejl\u0151d\u00e9s\u00fcnk alapja!\u201d \u263a)<\/li>\n\n\n\n<li>megk\u00e9sett, vagy kimaradt nagymozg\u00e1sok eset\u00e9n<\/li>\n\n\n\n<li>a fejl\u0151d\u00e9sben val\u00f3 megreked\u00e9s, hirtelen visszaes\u00e9s eset\u00e9n<\/li>\n\n\n\n<li>kisgyermekekn\u00e9l a j\u00e1r\u00e1s vagy mozg\u00e1skoordin\u00e1ci\u00f3 probl\u00e9m\u00e1jakor<\/li>\n\n\n\n<li>bed\u0151l\u0151 boka, vagy egy\u00e9b l\u00e1bdeformit\u00e1s<\/li>\n\n\n\n<li>t\u00f6r\u00e9sek, ficamok, m\u0171t\u00e9tek ut\u00e1ni rehabilit\u00e1ci\u00f3<\/li>\n<\/ul>\n\n\n\n<p id=\"E180\">Fizikai szinten a ter\u00e1pia mag\u00e1ban foglalja az izomt\u00f3nus normaliz\u00e1l\u00e1s\u00e1t, \u00edz\u00fcletek mobilit\u00e1s\u00e1nak jav\u00edt\u00e1s\u00e1t, k\u00f3ros reflexek le\u00e9p\u00edt\u00e9s\u00e9t, izmok er\u0151s\u00edt\u00e9s\u00e9t, helyes mozg\u00e1smint\u00e1k elsaj\u00e1t\u00edt\u00e1s\u00e1t, mozg\u00e1sfejl\u0151d\u00e9s beind\u00edt\u00e1s\u00e1t, koordin\u00e1ci\u00f3-egyens\u00faly fejleszt\u00e9s\u00e9t.<\/p>\n\n\n\n<p id=\"E182\">A foglalkoz\u00e1saimon igyekszem mindig j\u00f3 l\u00e9gk\u00f6rt teremtve, a bab\u00e1k sz\u00fcks\u00e9gleteit tiszteletben tartva (\u201ebelef\u00e9r\u201d egy-egy szopiz\u00e1s, etet\u00e9s, pelus csere is!) tev\u00e9kenyen hozz\u00e1j\u00e1rulni ahhoz, hogy a baba a lehet\u0151 legjobb fejleszt\u00e9st, ter\u00e1pi\u00e1t kapja. Illetve a sz\u00fcl\u0151k is biztons\u00e1gos k\u00f6zegben, lehet\u0151leg minden k\u00e9rd\u00e9s\u00fckre v\u00e1laszt kapva egyre jobban meg\u00e9rts\u00e9k bab\u00e1juk probl\u00e9m\u00e1j\u00e1t, testi-lelki sz\u00fcks\u00e9gleteit. A torn\u00e1ztat\u00e1st \u00e9nekekkel, mond\u00f3k\u00e1kkal sz\u00ednes\u00edtem. Tisztelettel \u00e9s finoman \u00e9rintem meg a bab\u00e1kat.<\/p>\n\n\n\n<p id=\"E186\">Nagyon szeretek a sz\u00fcl\u0151kkel egy\u00fctt dolgozni azon, hogy a hozz\u00e1m ell\u00e1togat\u00f3 Kisbab\u00e1k visszanyerj\u00e9k\/megtarts\u00e1k Eg\u00e9sz-s\u00e9g\u00fcket, \u00e9s elsaj\u00e1t\u00edts\u00e1k mindazt, ami fejl\u0151d\u00e9s\u00fckh\u00f6z, leend\u0151 \u00f6n\u00e1ll\u00f3 kis \u00e9let\u00fckh\u00f6z sz\u00fcks\u00e9ges, hogy boldog, teljes \u00e9letet \u00e9lhessenek!<\/p>\n\n\n\n<p id=\"E188\">Szeretettel v\u00e1rlak Benneteket:<\/p>\n\n\n\n<p class=\"has-text-align-center x-hand has-large-font-size\">Zsuzsi<\/p>\n\n\n\n<p>A konzult\u00e1ci\u00f3k \u00e9s kezel\u00e9sek id\u0151tartam\u00e1r\u00f3l \u00e9s \u00e1rair\u00f3l b\u0151vebben <strong><a href=\"https:\/\/eletteregeszseg.hu\/?p=536\" class=\"ek-link\">ide<\/a> <\/strong>kattintva olvashatsz.<\/p>\n","protected":false},"excerpt":{"rendered":"<p>Korai fejleszt\u00e9sre azoknak a 0-5 \u00e9v k\u00f6z\u00f6tti csecsem\u0151knek, kisgyermekeknek van sz\u00fcks\u00e9g\u00fck, akiknek a fejl\u0151d\u00e9se \u2013 b\u00e1rmilyen okb\u00f3l kifoly\u00f3lag &#8211; elt\u00e9r a vel\u00fck azonos kor\u00faak\u00e9t\u00f3l. A c\u00e9lcsoportba tartoznak a megk\u00e9sett vagy elt\u00e9r\u0151 fejl\u0151d\u00e9s\u0171, saj\u00e1tos nevel\u00e9si ig\u00e9ny\u0171 gyerekek is. Egy alapos kivizsg\u00e1l\u00e1s, anamn\u00e9zis felv\u00e9tel ut\u00e1n szem\u00e9lyre szabottan \u00e9p\u00edtem fel a kezel\u00e9si tervet. Sz\u00fcks\u00e9g eset\u00e9n egy\u00e9b szakvizsg\u00e1latot is [&hellip;]<\/p>\n","protected":false},"author":1,"featured_media":92,"parent":0,"menu_order":0,"comment_status":"closed","ping_status":"closed","template":"","meta":{"_editorskit_title_hidden":false,"_editorskit_reading_time":0,"_editorskit_is_block_options_detached":false,"_editorskit_block_options_position":"{}","inline_featured_image":false,"footnotes":""},"class_list":["post-202","page","type-page","status-publish","has-post-thumbnail","hentry"],"_links":{"self":[{"href":"https:\/\/eletteregeszseg.hu\/index.php?rest_route=\/wp\/v2\/pages\/202","targetHints":{"allow":["GET"]}}],"collection":[{"href":"https:\/\/eletteregeszseg.hu\/index.php?rest_route=\/wp\/v2\/pages"}],"about":[{"href":"https:\/\/eletteregeszseg.hu\/index.php?rest_route=\/wp\/v2\/types\/page"}],"author":[{"embeddable":true,"href":"https:\/\/eletteregeszseg.hu\/index.php?rest_route=\/wp\/v2\/users\/1"}],"replies":[{"embeddable":true,"href":"https:\/\/eletteregeszseg.hu\/index.php?rest_route=%2Fwp%2Fv2%2Fcomments&post=202"}],"version-history":[{"count":7,"href":"https:\/\/eletteregeszseg.hu\/index.php?rest_route=\/wp\/v2\/pages\/202\/revisions"}],"predecessor-version":[{"id":615,"href":"https:\/\/eletteregeszseg.hu\/index.php?rest_route=\/wp\/v2\/pages\/202\/revisions\/615"}],"wp:featuredmedia":[{"embeddable":true,"href":"https:\/\/eletteregeszseg.hu\/index.php?rest_route=\/wp\/v2\/media\/92"}],"wp:attachment":[{"href":"https:\/\/eletteregeszseg.hu\/index.php?rest_route=%2Fwp%2Fv2%2Fmedia&parent=202"}],"curies":[{"name":"wp","href":"https:\/\/api.w.org\/{rel}","templated":true}]}}