{"id":164,"date":"2023-10-06T15:41:23","date_gmt":"2023-10-06T15:41:23","guid":{"rendered":"https:\/\/eletteregeszseg.hu\/?page_id=164"},"modified":"2023-11-19T18:41:57","modified_gmt":"2023-11-19T17:41:57","slug":"reflexzona-masszazs-kezeles","status":"publish","type":"page","link":"https:\/\/eletteregeszseg.hu\/?page_id=164","title":{"rendered":"Reflexz\u00f3na massz\u00e1zs kezel\u00e9s"},"content":{"rendered":"\n<div class=\"wp-block-columns has-background is-layout-flex wp-container-core-columns-is-layout-9d6595d7 wp-block-columns-is-layout-flex\" style=\"background-color:#f5e6cd\">\n<div class=\"wp-block-column is-layout-flow wp-block-column-is-layout-flow\" style=\"flex-basis:30%\">\n<figure class=\"wp-block-image size-full\"><img loading=\"lazy\" decoding=\"async\" width=\"746\" height=\"947\" src=\"https:\/\/et.mhan.hu\/wp-content\/uploads\/2023\/09\/ayurvedikusegeszsegszimbolum.png\" alt=\"\" class=\"wp-image-64\" style=\"object-fit:cover\" srcset=\"https:\/\/eletteregeszseg.hu\/wp-content\/uploads\/2023\/09\/ayurvedikusegeszsegszimbolum.png 746w, https:\/\/eletteregeszseg.hu\/wp-content\/uploads\/2023\/09\/ayurvedikusegeszsegszimbolum-236x300.png 236w\" sizes=\"auto, (max-width: 746px) 100vw, 746px\" \/><\/figure>\n<\/div>\n\n\n\n<div class=\"wp-block-column is-layout-flow wp-block-column-is-layout-flow\">\n<figure class=\"wp-block-image size-large x-auto\"><img loading=\"lazy\" decoding=\"async\" width=\"1024\" height=\"708\" src=\"https:\/\/eletteregeszseg.hu\/wp-content\/uploads\/2023\/10\/ayurvedapottyosszimbolummal-2-1024x708-1.svg\" alt=\"\" class=\"wp-image-356\"\/><\/figure>\n<\/div>\n<\/div>\n\n\n\n<div class=\"wp-block-group is-content-justification-center is-nowrap is-layout-flex wp-container-core-group-is-layout-94bc23d7 wp-block-group-is-layout-flex\">\n<figure class=\"wp-block-image size-large is-resized\"><img loading=\"lazy\" decoding=\"async\" width=\"1024\" height=\"171\" src=\"https:\/\/eletteregeszseg.hu\/wp-content\/uploads\/2023\/10\/reflexzona_masszazs-21-1024x171.png\" alt=\"\" class=\"wp-image-185\" style=\"object-fit:contain;width:undefinedpx;height:100px\" srcset=\"https:\/\/eletteregeszseg.hu\/wp-content\/uploads\/2023\/10\/reflexzona_masszazs-21-1024x171.png 1024w, https:\/\/eletteregeszseg.hu\/wp-content\/uploads\/2023\/10\/reflexzona_masszazs-21-300x50.png 300w, https:\/\/eletteregeszseg.hu\/wp-content\/uploads\/2023\/10\/reflexzona_masszazs-21-768x128.png 768w, https:\/\/eletteregeszseg.hu\/wp-content\/uploads\/2023\/10\/reflexzona_masszazs-21-1536x256.png 1536w, https:\/\/eletteregeszseg.hu\/wp-content\/uploads\/2023\/10\/reflexzona_masszazs-21.png 1751w\" sizes=\"auto, (max-width: 1024px) 100vw, 1024px\" \/><\/figure>\n<\/div>\n\n\n\n<div style=\"height:50px\" aria-hidden=\"true\" class=\"wp-block-spacer\"><\/div>\n\n\n\n<div class=\"wp-block-columns is-layout-flex wp-container-core-columns-is-layout-9d6595d7 wp-block-columns-is-layout-flex\">\n<div class=\"wp-block-column is-layout-flow wp-block-column-is-layout-flow\" style=\"flex-basis:20%\">\n<figure class=\"wp-block-image size-large\"><img loading=\"lazy\" decoding=\"async\" width=\"1024\" height=\"1024\" src=\"https:\/\/eletteregeszseg.hu\/wp-content\/uploads\/2023\/10\/reflexzonamasszazs-1024x1024.png\" alt=\"\" class=\"wp-image-297\" style=\"object-fit:cover\" srcset=\"https:\/\/eletteregeszseg.hu\/wp-content\/uploads\/2023\/10\/reflexzonamasszazs-1024x1024.png 1024w, https:\/\/eletteregeszseg.hu\/wp-content\/uploads\/2023\/10\/reflexzonamasszazs-300x300.png 300w, https:\/\/eletteregeszseg.hu\/wp-content\/uploads\/2023\/10\/reflexzonamasszazs-150x150.png 150w, https:\/\/eletteregeszseg.hu\/wp-content\/uploads\/2023\/10\/reflexzonamasszazs-768x768.png 768w, https:\/\/eletteregeszseg.hu\/wp-content\/uploads\/2023\/10\/reflexzonamasszazs.png 1042w\" sizes=\"auto, (max-width: 1024px) 100vw, 1024px\" \/><\/figure>\n<\/div>\n\n\n\n<div class=\"wp-block-column is-layout-flow wp-block-column-is-layout-flow\">\n<p>Az Ayurveda tudom\u00e1nya m\u00e1r az i.e. 5000 k\u00f6r\u00fcli id\u0151kben is foglalkozott azzal a t\u00e9nnyel, hogy a szerveink t\u00fck\u00f6rk\u00e9pe megtal\u00e1lhat\u00f3 test\u00fcnk k\u00fcl\u00f6nb\u00f6z\u0151 fel\u00fcletein, mint p\u00e9ld\u00e1ul a teny\u00e9ren, a talpon, az arcon, a nyelven, fogakon, \u00edriszen. Az az\u00f3ta vil\u00e1gszerte elterjedt term\u00e9szetgy\u00f3gy\u00e1szati m\u00f3dszert reflexol\u00f3gi\u00e1nak, reflexz\u00f3na-ter\u00e1pi\u00e1nak nevezik. (A t\u0171vel v\u00e9gzett kezel\u00e9st akupunkt\u00far\u00e1nak, a terapeuta ujj\u00e1val, kez\u00e9vel v\u00e9gzett kezel\u00e9st akupressz\u00far\u00e1nak h\u00edvj\u00e1k.)<\/p>\n<\/div>\n<\/div>\n\n\n\n<p id=\"E72\">Mik\u00f6zben nyom\u00e1st fejt\u00fcnk ki a szerv reflexz\u00f3n\u00e1j\u00e1nak fel\u00fclet\u00e9re, a reflexz\u00f3na sz\u00f6vetmin\u0151s\u00e9g\u00e9nek tapint\u00e1s\u00e1b\u00f3l \u00e9rz\u00e9kelj\u00fck a bels\u0151 szervek \u00e1llapot\u00e1t. A reflexz\u00f3na f\u00e1jdalma, \u00e9rz\u00e9kenys\u00e9ge, a z\u00f3n\u00e1ban tapinthat\u00f3 lerak\u00f3d\u00e1s az adott szerv diszfunkci\u00f3j\u00e1t, esetleges megbeteged\u00e9s\u00e9t jelzi. A diagn\u00f3zis meg\u00e1llap\u00edt\u00e1s\u00e1n t\u00fal ter\u00e1pi\u00e1ra is haszn\u00e1lhat\u00f3 ez a \u201et\u00fck\u00f6rk\u00e9p\u201d tud\u00e1s, reflexz\u00f3na ismeret. A ter\u00e1pia sor\u00e1n a f\u00e1jdalom\u00e9rzet folyamatosan csillapodik a z\u00f3n\u00e1ban, v\u00e1ltozik a sz\u00f6vetmin\u0151s\u00e9g a kez\u00fcnk alatt, a lerak\u00f3d\u00e1sok m\u00e9ret\u00e9nek cs\u00f6kken\u00e9se is \u00e1llapotjavul\u00e1st jelent. A massz\u00e1zs kezel\u00e9s hat\u00e1sa viszont nem csak lok\u00e1lisan a kezelt ter\u00fcleten (p\u00e9ld\u00e1ul a talpon) \u00e9rz\u00e9kelhet\u0151, hanem a z\u00f3n\u00e1hoz kapcsol\u00f3 szervben is kifejti a t\u00e1voli , \u00fagy nevezett reflexhat\u00e1s\u00e1t. A reflexhat\u00e1s a &#8222;harmadik szab\u00e1lyz\u00f3 rendszeren&#8221;, a meridi\u00e1n rendszeren kereszt\u00fcl t\u00f6rt\u00e9nik. A meridi\u00e1nok a test\u00fcnkben l\u00e9v\u0151 energia vezet\u00e9kek.<\/p>\n\n\n\n<p id=\"E79\">A reflexz\u00f3na massz\u00e1zs kezel\u00e9s serkenti a v\u00e9r- \u00e9s nyirokkering\u00e9st, amely a test \u00f6ntisztul\u00e1si k\u00e9pess\u00e9g\u00e9t megt\u00f6bbsz\u00f6r\u00f6zi. Er\u0151s\u00edti az immunrendszer\u00fcnket, ez\u00e1ltal az \u00f6ngy\u00f3gy\u00edt\u00f3 folyamatokat beind\u00edtja. Testi-lelki fesz\u00fclts\u00e9geinket oldja, relax\u00e1l \u00e9s kellemes \u00e9rzetet ad. A kezel\u00e9seket \u00e9rdemes p\u00e1r h\u00e9ten \u00e1t folyamatosan megism\u00e9telni, a k\u00edv\u00e1nt hat\u00e1s el\u00e9r\u00e9se \u00e9rdek\u00e9ben.<\/p>\n\n\n\n<p id=\"E81\">Ha szeretn\u00e9d kipr\u00f3b\u00e1lni, vagy \u00fagy \u00e9rzed, hogy kifejezetten sz\u00fcks\u00e9ged van erre a gy\u00f3gy\u00edt\u00f3 kezel\u00e9sre, keress bizalommal.<\/p>\n\n\n\n<p id=\"E83\">Szeretettel v\u00e1rlak:<\/p>\n\n\n\n<p class=\"has-text-align-center x-hand has-large-font-size\" id=\"E83\">Zsuzsi<\/p>\n\n\n\n<p>A konzult\u00e1ci\u00f3k \u00e9s kezel\u00e9sek id\u0151tartam\u00e1r\u00f3l \u00e9s \u00e1rair\u00f3l b\u0151vebben <strong><a href=\"https:\/\/eletteregeszseg.hu\/?p=536\" class=\"ek-link\">ide<\/a> <\/strong>kattintva olvashatsz.<\/p>\n","protected":false},"excerpt":{"rendered":"<p>Az Ayurveda tudom\u00e1nya m\u00e1r az i.e. 5000 k\u00f6r\u00fcli id\u0151kben is foglalkozott azzal a t\u00e9nnyel, hogy a szerveink t\u00fck\u00f6rk\u00e9pe megtal\u00e1lhat\u00f3 test\u00fcnk k\u00fcl\u00f6nb\u00f6z\u0151 fel\u00fcletein, mint p\u00e9ld\u00e1ul a teny\u00e9ren, a talpon, az arcon, a nyelven, fogakon, \u00edriszen. Az az\u00f3ta vil\u00e1gszerte elterjedt term\u00e9szetgy\u00f3gy\u00e1szati m\u00f3dszert reflexol\u00f3gi\u00e1nak, reflexz\u00f3na-ter\u00e1pi\u00e1nak nevezik. (A t\u0171vel v\u00e9gzett kezel\u00e9st akupunkt\u00far\u00e1nak, a terapeuta ujj\u00e1val, kez\u00e9vel v\u00e9gzett kezel\u00e9st akupressz\u00far\u00e1nak [&hellip;]<\/p>\n","protected":false},"author":1,"featured_media":91,"parent":6,"menu_order":0,"comment_status":"closed","ping_status":"closed","template":"","meta":{"_editorskit_title_hidden":false,"_editorskit_reading_time":0,"_editorskit_is_block_options_detached":false,"_editorskit_block_options_position":"{}","inline_featured_image":false,"footnotes":""},"class_list":["post-164","page","type-page","status-publish","has-post-thumbnail","hentry"],"_links":{"self":[{"href":"https:\/\/eletteregeszseg.hu\/index.php?rest_route=\/wp\/v2\/pages\/164","targetHints":{"allow":["GET"]}}],"collection":[{"href":"https:\/\/eletteregeszseg.hu\/index.php?rest_route=\/wp\/v2\/pages"}],"about":[{"href":"https:\/\/eletteregeszseg.hu\/index.php?rest_route=\/wp\/v2\/types\/page"}],"author":[{"embeddable":true,"href":"https:\/\/eletteregeszseg.hu\/index.php?rest_route=\/wp\/v2\/users\/1"}],"replies":[{"embeddable":true,"href":"https:\/\/eletteregeszseg.hu\/index.php?rest_route=%2Fwp%2Fv2%2Fcomments&post=164"}],"version-history":[{"count":7,"href":"https:\/\/eletteregeszseg.hu\/index.php?rest_route=\/wp\/v2\/pages\/164\/revisions"}],"predecessor-version":[{"id":611,"href":"https:\/\/eletteregeszseg.hu\/index.php?rest_route=\/wp\/v2\/pages\/164\/revisions\/611"}],"up":[{"embeddable":true,"href":"https:\/\/eletteregeszseg.hu\/index.php?rest_route=\/wp\/v2\/pages\/6"}],"wp:featuredmedia":[{"embeddable":true,"href":"https:\/\/eletteregeszseg.hu\/index.php?rest_route=\/wp\/v2\/media\/91"}],"wp:attachment":[{"href":"https:\/\/eletteregeszseg.hu\/index.php?rest_route=%2Fwp%2Fv2%2Fmedia&parent=164"}],"curies":[{"name":"wp","href":"https:\/\/api.w.org\/{rel}","templated":true}]}}