{"id":161,"date":"2023-10-06T15:41:23","date_gmt":"2023-10-06T15:41:23","guid":{"rendered":"https:\/\/eletteregeszseg.hu\/?page_id=161"},"modified":"2023-11-19T18:40:47","modified_gmt":"2023-11-19T17:40:47","slug":"ayurveda-konzultacio-eletmod-tanacsadas","status":"publish","type":"page","link":"https:\/\/eletteregeszseg.hu\/?page_id=161","title":{"rendered":"Ayurv\u00e9da konzult\u00e1ci\u00f3, \u00e9letm\u00f3d tan\u00e1csad\u00e1s"},"content":{"rendered":"\n<div class=\"wp-block-columns has-background is-layout-flex wp-container-core-columns-is-layout-9d6595d7 wp-block-columns-is-layout-flex\" style=\"background-color:#f5e6cd\">\n<div class=\"wp-block-column is-layout-flow wp-block-column-is-layout-flow\" style=\"flex-basis:30%\">\n<figure class=\"wp-block-image size-full\"><img loading=\"lazy\" decoding=\"async\" width=\"746\" height=\"947\" src=\"https:\/\/et.mhan.hu\/wp-content\/uploads\/2023\/09\/ayurvedikusegeszsegszimbolum.png\" alt=\"\" class=\"wp-image-64\" style=\"object-fit:cover\" srcset=\"https:\/\/eletteregeszseg.hu\/wp-content\/uploads\/2023\/09\/ayurvedikusegeszsegszimbolum.png 746w, https:\/\/eletteregeszseg.hu\/wp-content\/uploads\/2023\/09\/ayurvedikusegeszsegszimbolum-236x300.png 236w\" sizes=\"auto, (max-width: 746px) 100vw, 746px\" \/><\/figure>\n<\/div>\n\n\n\n<div class=\"wp-block-column is-layout-flow wp-block-column-is-layout-flow\">\n<figure class=\"wp-block-image size-large x-auto\"><img loading=\"lazy\" decoding=\"async\" width=\"1024\" height=\"708\" src=\"https:\/\/eletteregeszseg.hu\/wp-content\/uploads\/2023\/10\/ayurvedapottyosszimbolummal-2-1024x708-1.svg\" alt=\"\" class=\"wp-image-356\"\/><\/figure>\n<\/div>\n<\/div>\n\n\n\n<div class=\"wp-block-group is-content-justification-center is-nowrap is-layout-flex wp-container-core-group-is-layout-94bc23d7 wp-block-group-is-layout-flex\">\n<figure class=\"wp-block-image size-large is-resized\"><img loading=\"lazy\" decoding=\"async\" width=\"1024\" height=\"340\" src=\"https:\/\/eletteregeszseg.hu\/wp-content\/uploads\/2023\/10\/ayurvedikuskonzultacio-1024x340.png\" alt=\"\" class=\"wp-image-178\" style=\"object-fit:contain;width:undefinedpx;height:100px\" srcset=\"https:\/\/eletteregeszseg.hu\/wp-content\/uploads\/2023\/10\/ayurvedikuskonzultacio-1024x340.png 1024w, https:\/\/eletteregeszseg.hu\/wp-content\/uploads\/2023\/10\/ayurvedikuskonzultacio-300x100.png 300w, https:\/\/eletteregeszseg.hu\/wp-content\/uploads\/2023\/10\/ayurvedikuskonzultacio-768x255.png 768w, https:\/\/eletteregeszseg.hu\/wp-content\/uploads\/2023\/10\/ayurvedikuskonzultacio.png 1332w\" sizes=\"auto, (max-width: 1024px) 100vw, 1024px\" \/><\/figure>\n<\/div>\n\n\n\n<div style=\"height:50px\" aria-hidden=\"true\" class=\"wp-block-spacer\"><\/div>\n\n\n\n<div class=\"wp-block-columns is-layout-flex wp-container-core-columns-is-layout-9d6595d7 wp-block-columns-is-layout-flex\">\n<div class=\"wp-block-column is-layout-flow wp-block-column-is-layout-flow\" style=\"flex-basis:20%\">\n<figure class=\"wp-block-image size-large\"><img loading=\"lazy\" decoding=\"async\" width=\"1024\" height=\"1024\" src=\"https:\/\/eletteregeszseg.hu\/wp-content\/uploads\/2023\/10\/ayurvedakonzultacio-1024x1024.png\" alt=\"\" class=\"wp-image-282\" style=\"object-fit:cover\" srcset=\"https:\/\/eletteregeszseg.hu\/wp-content\/uploads\/2023\/10\/ayurvedakonzultacio-1024x1024.png 1024w, https:\/\/eletteregeszseg.hu\/wp-content\/uploads\/2023\/10\/ayurvedakonzultacio-300x300.png 300w, https:\/\/eletteregeszseg.hu\/wp-content\/uploads\/2023\/10\/ayurvedakonzultacio-150x150.png 150w, https:\/\/eletteregeszseg.hu\/wp-content\/uploads\/2023\/10\/ayurvedakonzultacio-768x767.png 768w, https:\/\/eletteregeszseg.hu\/wp-content\/uploads\/2023\/10\/ayurvedakonzultacio.png 1043w\" sizes=\"auto, (max-width: 1024px) 100vw, 1024px\" \/><\/figure>\n<\/div>\n\n\n\n<div class=\"wp-block-column is-layout-flow wp-block-column-is-layout-flow\">\n<p>Mindannyian \u00daton-j\u00e1r\u00f3k vagyunk\u2026 Az \u00c9let \u00datj\u00e1t j\u00e1rjuk.<\/p>\n\n\n\n<p id=\"E74\">Ahhoz, hogy az \u00c9letet a legteljesebben meg\u00e9lhess\u00fck, EG\u00c9SZ-s\u00e9gre van sz\u00fcks\u00e9g. Az eg\u00e9szs\u00e9g\u00fcnk a mi felel\u0151ss\u00e9g\u00fcnk, \u00e9s azon d\u00f6nt\u00e9seink k\u00f6vetkezm\u00e9nye, amiket megtesz\u00fcnk, vagy \u00e9ppen nem tesz\u00fcnk meg magunk\u00e9rt.<\/p>\n\n\n\n<p>Ahhoz, hogy fejl\u0151dhess\u00fcnk, folyamatosan tanulnunk kell, keres\u00fcnk \u00e9s megismern\u00fcnk a TUD\u00c1S-t. A TUD\u00c1S-ra eml\u00e9kezhet\u00fcnk, ak\u00e1r nagyany\u00e1ink n\u00e9pi b\u00f6lcsess\u00e9geit ismerj\u00fck meg \u00fajra, ak\u00e1r az Ayurv\u00e9da holisztikus gy\u00f3gy\u00edt\u00f3 rendszer\u00e9be nyer\u00fcnk betekint\u00e9st.<\/p>\n<\/div>\n<\/div>\n\n\n\n<p>Aki ezzel a gondolatis\u00e1ggal azonosulni tud, annak szeretettel aj\u00e1nlom az al\u00e1bbiakat:<\/p>\n\n\n\n<p id=\"E80\">Az Ayurv\u00e9dikus konzult\u00e1ci\u00f3 hat\u00e9konyan seg\u00edthet elindulni a gy\u00f3gyul\u00e1s, \u00f6ngy\u00f3gy\u00edt\u00e1s \u00fatj\u00e1n. Az els\u0151 alkalommal egy alapos kik\u00e9rdez\u00e9s, besz\u00e9lget\u00e9s sor\u00e1n meghat\u00e1rozzuk a sz\u00fclet\u00e9skori alkatot, dosh\u00e1t. Megkeress\u00fck a t\u00fcnetek, esetleges betegs\u00e9gek ok\u00e1t, meg\u00e9rtj\u00fck az oki \u00f6sszef\u00fcgg\u00e9seket. Megl\u00e1thatjuk, hogy milyen folyamatok vezettek az egyens\u00falyb\u00f3l val\u00f3 kibillen\u00e9shez, az eredeti alkatt\u00f3l val\u00f3 eltol\u00f3d\u00e1shoz. Meg\u00e9rthetj\u00fck, hogy a megbeteg\u00edt\u0151 folyamatok ir\u00e1ny\u00e1t hogyan lehets\u00e9ges visszaford\u00edtani, hogyan juthatunk el \u00fajra az EG\u00c9SZ-s\u00e9g \u00e1llapot\u00e1ba.<\/p>\n\n\n\n<p id=\"E82\">Javaslatokat teszek arra vonatkoz\u00f3an, hogy a m\u00e9regtelen\u00edt\u0151 elj\u00e1r\u00e1sokkal, a helyes t\u00e1pl\u00e1lkoz\u00e1ssal, alkatspecifikus \u00e9telekkel, f\u0171szerekkel, egy\u00e9nre szabott mozg\u00e1sform\u00e1val, l\u00e9gz\u00e9ster\u00e1pi\u00e1val, gy\u00f3gy\u00edt\u00f3 ayurv\u00e9dikus szerekkel, ayurv\u00e9dikus kezel\u00e9sekkel hogyan \u0151rizheted meg, nyerheted vissza az EG\u00c9SZ-s\u00e9gedet, illetve hogyan billentheted vissza az eltol\u00f3dott egyens\u00falyi \u00e1llapotot.<\/p>\n\n\n\n<p id=\"E84\">Fontos tudni, hogy az Ayurv\u00e9da szeml\u00e9let\u0171 gy\u00f3gyul\u00e1s, eg\u00e9szs\u00e9gmeg\u0151rz\u00e9s nem olyan \u201ecsodapirula\u201d, amit \u201ecsak be kell kapni, \u00e9s gondolkod\u00e1sm\u00f3d, \u00e9letm\u00f3d v\u00e1lt\u00e1s n\u00e9lk\u00fcl meggy\u00f3gyulunk\u201d! Sz\u00fcks\u00e9ges a saj\u00e1t bel\u00e1t\u00e1s, akarat, \u00e9s kitart\u00f3 cselekv\u00e9s a saj\u00e1t gy\u00f3gyul\u00e1sunkhoz! Gondolkod\u00e1sm\u00f3d \u00e9s \u00e9letm\u00f3d v\u00e1lt\u00e1s, mely l\u00e9p\u00e9sr\u0151l-l\u00e9p\u00e9sre egy csod\u00e1s \u00e1llapotjavul\u00e1st eredm\u00e9nyez mind fizikai, mind lelki \u00e9s szellemi szinten! Az EG\u00c9SZ-s\u00e9g\u00fcnk visszanyer\u00e9se, megtart\u00e1sa a mi felel\u0151ss\u00e9g\u00fcnk ugyanakkor \u00f3ri\u00e1si lehet\u0151s\u00e9g\u00fcnk!<\/p>\n\n\n\n<p id=\"E88\">Ebben a folyamatban, v\u00e1ltoz\u00e1sban, tanul\u00e1sban szeretn\u00e9k seg\u00edts\u00e9get ny\u00fajtani a hozz\u00e1m fordul\u00f3knak, gy\u00f3gyulni v\u00e1gy\u00f3knak!<\/p>\n\n\n\n<p id=\"E90\">Szeretettel v\u00e1rlak:<\/p>\n\n\n\n<p class=\"has-text-align-center x-hand has-large-font-size\" id=\"E92\">Zsuzsi<\/p>\n\n\n\n<p>A konzult\u00e1ci\u00f3k \u00e9s kezel\u00e9sek id\u0151tartam\u00e1r\u00f3l \u00e9s \u00e1rair\u00f3l b\u0151vebben <strong><a href=\"https:\/\/eletteregeszseg.hu\/?p=536\" class=\"ek-link\">ide<\/a> <\/strong>kattintva olvashatsz.<\/p>\n","protected":false},"excerpt":{"rendered":"<p>Mindannyian \u00daton-j\u00e1r\u00f3k vagyunk\u2026 Az \u00c9let \u00datj\u00e1t j\u00e1rjuk. Ahhoz, hogy az \u00c9letet a legteljesebben meg\u00e9lhess\u00fck, EG\u00c9SZ-s\u00e9gre van sz\u00fcks\u00e9g. Az eg\u00e9szs\u00e9g\u00fcnk a mi felel\u0151ss\u00e9g\u00fcnk, \u00e9s azon d\u00f6nt\u00e9seink k\u00f6vetkezm\u00e9nye, amiket megtesz\u00fcnk, vagy \u00e9ppen nem tesz\u00fcnk meg magunk\u00e9rt. Ahhoz, hogy fejl\u0151dhess\u00fcnk, folyamatosan tanulnunk kell, keres\u00fcnk \u00e9s megismern\u00fcnk a TUD\u00c1S-t. A TUD\u00c1S-ra eml\u00e9kezhet\u00fcnk, ak\u00e1r nagyany\u00e1ink n\u00e9pi b\u00f6lcsess\u00e9geit ismerj\u00fck meg \u00fajra, [&hellip;]<\/p>\n","protected":false},"author":1,"featured_media":91,"parent":6,"menu_order":0,"comment_status":"closed","ping_status":"closed","template":"","meta":{"_editorskit_title_hidden":false,"_editorskit_reading_time":0,"_editorskit_is_block_options_detached":false,"_editorskit_block_options_position":"{}","inline_featured_image":false,"footnotes":""},"class_list":["post-161","page","type-page","status-publish","has-post-thumbnail","hentry"],"_links":{"self":[{"href":"https:\/\/eletteregeszseg.hu\/index.php?rest_route=\/wp\/v2\/pages\/161","targetHints":{"allow":["GET"]}}],"collection":[{"href":"https:\/\/eletteregeszseg.hu\/index.php?rest_route=\/wp\/v2\/pages"}],"about":[{"href":"https:\/\/eletteregeszseg.hu\/index.php?rest_route=\/wp\/v2\/types\/page"}],"author":[{"embeddable":true,"href":"https:\/\/eletteregeszseg.hu\/index.php?rest_route=\/wp\/v2\/users\/1"}],"replies":[{"embeddable":true,"href":"https:\/\/eletteregeszseg.hu\/index.php?rest_route=%2Fwp%2Fv2%2Fcomments&post=161"}],"version-history":[{"count":15,"href":"https:\/\/eletteregeszseg.hu\/index.php?rest_route=\/wp\/v2\/pages\/161\/revisions"}],"predecessor-version":[{"id":608,"href":"https:\/\/eletteregeszseg.hu\/index.php?rest_route=\/wp\/v2\/pages\/161\/revisions\/608"}],"up":[{"embeddable":true,"href":"https:\/\/eletteregeszseg.hu\/index.php?rest_route=\/wp\/v2\/pages\/6"}],"wp:featuredmedia":[{"embeddable":true,"href":"https:\/\/eletteregeszseg.hu\/index.php?rest_route=\/wp\/v2\/media\/91"}],"wp:attachment":[{"href":"https:\/\/eletteregeszseg.hu\/index.php?rest_route=%2Fwp%2Fv2%2Fmedia&parent=161"}],"curies":[{"name":"wp","href":"https:\/\/api.w.org\/{rel}","templated":true}]}}