{"id":11,"date":"2023-07-31T21:15:39","date_gmt":"2023-07-31T21:15:39","guid":{"rendered":"https:\/\/et.mhan.hu\/?page_id=11"},"modified":"2024-01-08T23:08:58","modified_gmt":"2024-01-08T22:08:58","slug":"workshopok-forumok","status":"publish","type":"page","link":"https:\/\/eletteregeszseg.hu\/?page_id=11","title":{"rendered":"Workshopok, f\u00f3rumok"},"content":{"rendered":"\n<p>Kedves Vend\u00e9geink!<\/p>\n\n\n\n<p>\u201eA benn\u00fcnk l\u00e9v\u0151 csod\u00e1k, a n\u0151i princ\u00edpiumok\u201d<\/p>\n\n\n\n<p>Szeretettel h\u00edvunk \u00e9s v\u00e1runk Benneteket <strong>janu\u00e1r 20<\/strong>-\u00e1n az <strong>\u00c9let-T\u00e9rben <\/strong>egy<strong> \u00e9vind\u00edt\u00f3 d\u00e9lut\u00e1nra<\/strong>. Ahogy a workshop c\u00edme jelzi, f\u0151 t\u00e9m\u00e1nk a benn\u00fcnk jelen l\u00e9v\u0151 n\u0151i princ\u00edpiumok lesznek. Hogyan l\u00e1tjuk ezeket a n\u0151i min\u0151s\u00e9geket, hogyan viszonyulunk hozz\u00e1juk, hogyan tudjuk meg\u00e9lni \u0151ket? Mit jelent sz\u00e1munkra a befogad\u00e1s, passzivit\u00e1s, \u00e9jszaka, v\u00edz, hideg, elm\u00fal\u00e1s (a t\u00f6bbir\u0151l nem is besz\u00e9lve)\u2026?<\/p>\n\n\n\n<p>A d\u00e9lut\u00e1nt egy kis ismerked\u00e9ssel kezdj\u00fck \u00e9s Zsuzsi r\u00f6vid felvezet\u0151j\u00e9vel r\u00e1hangol\u00f3dunk a t\u00e9m\u00e1ra. Megosztjuk egym\u00e1ssal \u00e9rz\u00e9seinket, gondolatainkat a t\u00e9m\u00e1val kapcsolatban. Majd Julcsi seg\u00edts\u00e9g\u00e9vel behangoljuk a test\u00fcnket: energi\u00e1inkat emelj\u00fck k\u00fcl\u00f6nb\u00f6z\u0151 j\u00f3gaelemekkel, l\u00e9gz\u00e9ssel. Ezut\u00e1n egy kis te\u00e1z\u00e1s \u00e9s s\u00fctiz\u00e9s k\u00f6zben ismerkedhet\u00fcnk k\u00f6tetlenebb\u00fcl is egym\u00e1ssal. V\u00e9g\u00fcl egy csod\u00e1latos programr\u00e9sszel z\u00e1rjuk a d\u00e9lut\u00e1nt: Eszter k\u00f6zrem\u0171k\u00f6d\u00e9s\u00e9vel \u00e9s a hangt\u00e1lak rezg\u00e9sei \u00e1ltal felt\u00f6lt\u0151d\u00fcnk, \u00e9s \u00e9lvezhetj\u00fck a Jelen-L\u00e9tet!<\/p>\n\n\n\n<ul class=\"wp-block-list\">\n<li><strong>14.00<\/strong> \u2013 Nyit\u00e1s, meg\u00e9rkez\u00e9s<\/li>\n\n\n\n<li><strong>14.15<\/strong> \u2013 T\u00e9mafelvezet\u00e9s, besz\u00e9lget\u00e9s, k\u00f6z\u00f6s megoszt\u00e1s<\/li>\n\n\n\n<li><strong>15.15<\/strong> \u2013 J\u00f3ga, l\u00e9gz\u00e9s<\/li>\n\n\n\n<li><strong>16.00<\/strong> \u2013 Te\u00e1z\u00e1s, s\u00fctiz\u00e9s<\/li>\n\n\n\n<li><strong>16.45<\/strong> \u2013 Hangt\u00e1lf\u00fcrd\u0151<\/li>\n\n\n\n<li>a program k\u00f6r\u00fclbel\u00fcl <strong>18 \u00f3r\u00e1ig<\/strong> tart, de lehet m\u00e9g maradni k\u00f6tetlen besz\u00e9lget\u00e9sre J<\/li>\n<\/ul>\n\n\n\n<p><strong>Jelentkez\u00e9si hat\u00e1rid\u0151: janu\u00e1r 14<\/strong>., de mivel a terem befogad\u00f3k\u00e9pess\u00e9ge korl\u00e1tozott, ez\u00e9rt a jelentkez\u00e9s sorrendj\u00e9ben tudunk fogadni Benneteket. (7-10 f\u0151)<\/p>\n\n\n\n<p>A r\u00e9szv\u00e9tel ingyenes, az \u00c9let-T\u00e9r m\u0171k\u00f6dtet\u00e9s\u00e9hez adom\u00e1nyt sz\u00edvesen fogadunk.<\/p>\n\n\n\n<p>Szeretettel v\u00e1runk Benneteket: Julcsi \u00e9s Zsuzsi<\/p>\n\n\n\n<figure class=\"wp-block-gallery has-nested-images columns-default is-cropped wp-block-gallery-1 is-layout-flex wp-block-gallery-is-layout-flex\">\n<figure class=\"wp-block-image size-large\"><img loading=\"lazy\" decoding=\"async\" width=\"1024\" height=\"1024\" data-id=\"282\" src=\"https:\/\/eletteregeszseg.hu\/wp-content\/uploads\/2023\/10\/ayurvedakonzultacio-1024x1024.png\" alt=\"\" class=\"wp-image-282\" srcset=\"https:\/\/eletteregeszseg.hu\/wp-content\/uploads\/2023\/10\/ayurvedakonzultacio-1024x1024.png 1024w, https:\/\/eletteregeszseg.hu\/wp-content\/uploads\/2023\/10\/ayurvedakonzultacio-300x300.png 300w, https:\/\/eletteregeszseg.hu\/wp-content\/uploads\/2023\/10\/ayurvedakonzultacio-150x150.png 150w, https:\/\/eletteregeszseg.hu\/wp-content\/uploads\/2023\/10\/ayurvedakonzultacio-768x767.png 768w, https:\/\/eletteregeszseg.hu\/wp-content\/uploads\/2023\/10\/ayurvedakonzultacio.png 1043w\" sizes=\"auto, (max-width: 1024px) 100vw, 1024px\" \/><\/figure>\n\n\n\n<figure class=\"wp-block-image size-large\"><img loading=\"lazy\" decoding=\"async\" width=\"992\" height=\"1024\" data-id=\"488\" src=\"https:\/\/eletteregeszseg.hu\/wp-content\/uploads\/2023\/11\/kozosek-73-992x1024.jpg\" alt=\"\" class=\"wp-image-488\" srcset=\"https:\/\/eletteregeszseg.hu\/wp-content\/uploads\/2023\/11\/kozosek-73-992x1024.jpg 992w, https:\/\/eletteregeszseg.hu\/wp-content\/uploads\/2023\/11\/kozosek-73-291x300.jpg 291w, https:\/\/eletteregeszseg.hu\/wp-content\/uploads\/2023\/11\/kozosek-73-768x793.jpg 768w, https:\/\/eletteregeszseg.hu\/wp-content\/uploads\/2023\/11\/kozosek-73.jpg 1367w\" sizes=\"auto, (max-width: 992px) 100vw, 992px\" \/><\/figure>\n<\/figure>\n","protected":false},"excerpt":{"rendered":"<p>Kedves Vend\u00e9geink! \u201eA benn\u00fcnk l\u00e9v\u0151 csod\u00e1k, a n\u0151i princ\u00edpiumok\u201d Szeretettel h\u00edvunk \u00e9s v\u00e1runk Benneteket janu\u00e1r 20-\u00e1n az \u00c9let-T\u00e9rben egy \u00e9vind\u00edt\u00f3 d\u00e9lut\u00e1nra. Ahogy a workshop c\u00edme jelzi, f\u0151 t\u00e9m\u00e1nk a benn\u00fcnk jelen l\u00e9v\u0151 n\u0151i princ\u00edpiumok lesznek. Hogyan l\u00e1tjuk ezeket a n\u0151i min\u0151s\u00e9geket, hogyan viszonyulunk hozz\u00e1juk, hogyan tudjuk meg\u00e9lni \u0151ket? Mit jelent sz\u00e1munkra a befogad\u00e1s, passzivit\u00e1s, \u00e9jszaka, [&hellip;]<\/p>\n","protected":false},"author":1,"featured_media":0,"parent":0,"menu_order":0,"comment_status":"closed","ping_status":"closed","template":"","meta":{"_editorskit_title_hidden":false,"_editorskit_reading_time":0,"_editorskit_is_block_options_detached":false,"_editorskit_block_options_position":"{}","inline_featured_image":false,"footnotes":""},"class_list":["post-11","page","type-page","status-publish","hentry"],"_links":{"self":[{"href":"https:\/\/eletteregeszseg.hu\/index.php?rest_route=\/wp\/v2\/pages\/11","targetHints":{"allow":["GET"]}}],"collection":[{"href":"https:\/\/eletteregeszseg.hu\/index.php?rest_route=\/wp\/v2\/pages"}],"about":[{"href":"https:\/\/eletteregeszseg.hu\/index.php?rest_route=\/wp\/v2\/types\/page"}],"author":[{"embeddable":true,"href":"https:\/\/eletteregeszseg.hu\/index.php?rest_route=\/wp\/v2\/users\/1"}],"replies":[{"embeddable":true,"href":"https:\/\/eletteregeszseg.hu\/index.php?rest_route=%2Fwp%2Fv2%2Fcomments&post=11"}],"version-history":[{"count":3,"href":"https:\/\/eletteregeszseg.hu\/index.php?rest_route=\/wp\/v2\/pages\/11\/revisions"}],"predecessor-version":[{"id":635,"href":"https:\/\/eletteregeszseg.hu\/index.php?rest_route=\/wp\/v2\/pages\/11\/revisions\/635"}],"wp:attachment":[{"href":"https:\/\/eletteregeszseg.hu\/index.php?rest_route=%2Fwp%2Fv2%2Fmedia&parent=11"}],"curies":[{"name":"wp","href":"https:\/\/api.w.org\/{rel}","templated":true}]}}