{"id":10,"date":"2023-07-31T21:15:39","date_gmt":"2023-07-31T21:15:39","guid":{"rendered":"https:\/\/et.mhan.hu\/?page_id=10"},"modified":"2023-11-14T22:21:57","modified_gmt":"2023-11-14T21:21:57","slug":"kapcsolat","status":"publish","type":"page","link":"https:\/\/eletteregeszseg.hu\/?page_id=10","title":{"rendered":"Kapcsolat"},"content":{"rendered":"\n<p>C\u00edm: 2500 Esztergom, Erzs\u00e9bet kir\u00e1lyn\u00e9 utca 37\/B.   (18-as kapucseng\u0151)<\/p>\n\n\n\n<p>Geszteny\u00e9s Park T\u00e1rsash\u00e1z (udvaron egyenesen bes\u00e9t\u00e1lva a m\u00e1sodik s\u00e1rga \u00e9p\u00fclet bal k\u00e9z fel\u00e9)<\/p>\n\n\n\n<p>(GPS-be 36-ot kell \u00edrni!)<\/p>\n\n\n\n<p>Az utc\u00e1ban ingyenes a parkol\u00e1s.<\/p>\n\n\n\n<p>K\u00e9rd\u00e9seddel keress bizalommal az al\u00e1bbi el\u00e9rhet\u0151s\u00e9geken<\/p>\n\n\n\n<div class=\"wp-block-columns is-layout-flex wp-container-core-columns-is-layout-9d6595d7 wp-block-columns-is-layout-flex\">\n<div class=\"wp-block-column is-layout-flow wp-block-column-is-layout-flow\" style=\"flex-basis:50%\">\n<figure class=\"wp-block-image size-large\"><img loading=\"lazy\" decoding=\"async\" width=\"1024\" height=\"1024\" src=\"https:\/\/eletteregeszseg.hu\/wp-content\/uploads\/2023\/11\/julcsimandala-1024x1024.png\" alt=\"\" class=\"wp-image-433\" srcset=\"https:\/\/eletteregeszseg.hu\/wp-content\/uploads\/2023\/11\/julcsimandala-1024x1024.png 1024w, https:\/\/eletteregeszseg.hu\/wp-content\/uploads\/2023\/11\/julcsimandala-300x300.png 300w, https:\/\/eletteregeszseg.hu\/wp-content\/uploads\/2023\/11\/julcsimandala-150x150.png 150w, https:\/\/eletteregeszseg.hu\/wp-content\/uploads\/2023\/11\/julcsimandala-768x769.png 768w, https:\/\/eletteregeszseg.hu\/wp-content\/uploads\/2023\/11\/julcsimandala.png 1396w\" sizes=\"auto, (max-width: 1024px) 100vw, 1024px\" \/><\/figure>\n\n\n\n<h2 class=\"wp-block-heading has-text-align-center\">Julcsi<\/h2>\n\n\n\n<p class=\"has-text-align-center\">Telefonsz\u00e1m: +36\/20-5454275<\/p>\n\n\n\n<p class=\"has-text-align-center\">E-mail c\u00edm: juli.szilagyi@gmail.com<\/p>\n<\/div>\n\n\n\n<div class=\"wp-block-column is-layout-flow wp-block-column-is-layout-flow\" style=\"flex-basis:50%\">\n<figure class=\"wp-block-image size-large\"><img loading=\"lazy\" decoding=\"async\" width=\"1024\" height=\"1024\" src=\"https:\/\/eletteregeszseg.hu\/wp-content\/uploads\/2023\/11\/zsuzsimandala-1-1024x1024.png\" alt=\"\" class=\"wp-image-437\" srcset=\"https:\/\/eletteregeszseg.hu\/wp-content\/uploads\/2023\/11\/zsuzsimandala-1-1024x1024.png 1024w, https:\/\/eletteregeszseg.hu\/wp-content\/uploads\/2023\/11\/zsuzsimandala-1-300x300.png 300w, https:\/\/eletteregeszseg.hu\/wp-content\/uploads\/2023\/11\/zsuzsimandala-1-150x150.png 150w, https:\/\/eletteregeszseg.hu\/wp-content\/uploads\/2023\/11\/zsuzsimandala-1-768x768.png 768w, https:\/\/eletteregeszseg.hu\/wp-content\/uploads\/2023\/11\/zsuzsimandala-1.png 1397w\" sizes=\"auto, (max-width: 1024px) 100vw, 1024px\" \/><\/figure>\n\n\n\n<h2 class=\"wp-block-heading has-text-align-center\">Zsuzsi<\/h2>\n\n\n\n<p class=\"has-text-align-center\">Telefonsz\u00e1m: +36\/20-4415401<\/p>\n\n\n\n<p class=\"has-text-align-center\">E-mail c\u00edm: kibozsu@gmail.com<\/p>\n<\/div>\n<\/div>\n\n\n\n<iframe src=\"https:\/\/www.google.com\/maps\/embed?pb=!4v1696950083414!6m8!1m7!1sMAptMps-6uarlUrCQdcn3A!2m2!1d47.78461643111055!2d18.74505447972863!3f140.14100507104698!4f-2.187883080304573!5f0.7820865974627469\" style=\"border:0; width: 100%; aspect-ratio: 2\/1;\" allowfullscreen=\"\" loading=\"lazy\" referrerpolicy=\"no-referrer-when-downgrade\"><\/iframe>\n","protected":false},"excerpt":{"rendered":"<p>C\u00edm: 2500 Esztergom, Erzs\u00e9bet kir\u00e1lyn\u00e9 utca 37\/B. (18-as kapucseng\u0151) Geszteny\u00e9s Park T\u00e1rsash\u00e1z (udvaron egyenesen bes\u00e9t\u00e1lva a m\u00e1sodik s\u00e1rga \u00e9p\u00fclet bal k\u00e9z fel\u00e9) (GPS-be 36-ot kell \u00edrni!) Az utc\u00e1ban ingyenes a parkol\u00e1s. K\u00e9rd\u00e9seddel keress bizalommal az al\u00e1bbi el\u00e9rhet\u0151s\u00e9geken Julcsi Telefonsz\u00e1m: +36\/20-5454275 E-mail c\u00edm: juli.szilagyi@gmail.com Zsuzsi Telefonsz\u00e1m: +36\/20-4415401 E-mail c\u00edm: kibozsu@gmail.com<\/p>\n","protected":false},"author":1,"featured_media":0,"parent":0,"menu_order":0,"comment_status":"closed","ping_status":"closed","template":"","meta":{"_editorskit_title_hidden":false,"_editorskit_reading_time":0,"_editorskit_is_block_options_detached":false,"_editorskit_block_options_position":"{}","inline_featured_image":false,"footnotes":""},"class_list":["post-10","page","type-page","status-publish","hentry"],"_links":{"self":[{"href":"https:\/\/eletteregeszseg.hu\/index.php?rest_route=\/wp\/v2\/pages\/10","targetHints":{"allow":["GET"]}}],"collection":[{"href":"https:\/\/eletteregeszseg.hu\/index.php?rest_route=\/wp\/v2\/pages"}],"about":[{"href":"https:\/\/eletteregeszseg.hu\/index.php?rest_route=\/wp\/v2\/types\/page"}],"author":[{"embeddable":true,"href":"https:\/\/eletteregeszseg.hu\/index.php?rest_route=\/wp\/v2\/users\/1"}],"replies":[{"embeddable":true,"href":"https:\/\/eletteregeszseg.hu\/index.php?rest_route=%2Fwp%2Fv2%2Fcomments&post=10"}],"version-history":[{"count":15,"href":"https:\/\/eletteregeszseg.hu\/index.php?rest_route=\/wp\/v2\/pages\/10\/revisions"}],"predecessor-version":[{"id":582,"href":"https:\/\/eletteregeszseg.hu\/index.php?rest_route=\/wp\/v2\/pages\/10\/revisions\/582"}],"wp:attachment":[{"href":"https:\/\/eletteregeszseg.hu\/index.php?rest_route=%2Fwp%2Fv2%2Fmedia&parent=10"}],"curies":[{"name":"wp","href":"https:\/\/api.w.org\/{rel}","templated":true}]}}